{"id":1217,"date":"2018-04-30T01:06:18","date_gmt":"2018-04-29T23:06:18","guid":{"rendered":"http:\/\/posolstvalasky.sk\/?page_id=1217"},"modified":"2022-03-27T21:10:17","modified_gmt":"2022-03-27T19:10:17","slug":"metamorfna-technika-2","status":"publish","type":"page","link":"https:\/\/posolstvalasky.sk\/?page_id=1217","title":{"rendered":"Metamorfn\u00e1 technika \/ METHAMORPHOSIS"},"content":{"rendered":"\n<figure class=\"wp-block-image size-large\"><img loading=\"lazy\" width=\"1024\" height=\"809\" src=\"https:\/\/posolstvalasky.sk\/wp-content\/uploads\/2022\/02\/metamorfna-technika-1024x809.jpg\" alt=\"\" class=\"wp-image-3674\" srcset=\"https:\/\/posolstvalasky.sk\/wp-content\/uploads\/2022\/02\/metamorfna-technika-1024x809.jpg 1024w, https:\/\/posolstvalasky.sk\/wp-content\/uploads\/2022\/02\/metamorfna-technika-300x237.jpg 300w, https:\/\/posolstvalasky.sk\/wp-content\/uploads\/2022\/02\/metamorfna-technika-768x606.jpg 768w, https:\/\/posolstvalasky.sk\/wp-content\/uploads\/2022\/02\/metamorfna-technika-1536x1213.jpg 1536w, https:\/\/posolstvalasky.sk\/wp-content\/uploads\/2022\/02\/metamorfna-technika-2048x1617.jpg 2048w, https:\/\/posolstvalasky.sk\/wp-content\/uploads\/2022\/02\/metamorfna-technika-1x1.jpg 1w\" sizes=\"(max-width: 1024px) 100vw, 1024px\" \/><figcaption>METAMORF\u00d3ZA<\/figcaption><\/figure>\n\n\n<p><strong>Metamorfn\u00e1 technika odstra\u0148uje du\u0161evn\u00e9 bloky a\u00a0premie\u0148a \u017eivotn\u00e9 vzorce a\u00a0sch\u00e9my.<\/strong><strong><br \/><\/strong><span style=\"color: #0000ff;\"><strong><em>Je\u00a0 prirovn\u00e1van\u00e1 k procesu premeny h\u00fasenice na larvu, z ktorej vylet\u00ed n\u00e1dhern\u00fd mot\u00fd\u013e.<br \/><\/em><\/strong><strong><em>Metamorf\u00f3za\u00a0 doslovne znamen\u00e1 premena.<br \/><\/em><\/strong><strong style=\"font-size: 14px;\"><em>Vz\u0165ahuje sa k\u00a0\u017eivotn\u00fdm vzorcom, ktor\u00e9 maj\u00fa by\u0165 \u00a0premenen\u00e9.<br \/><\/em><\/strong><strong><em>Premie\u0148a a\u00a0transformuje na\u0161e \u017eivotn\u00e9 vzorce spr\u00e1vania sa.<br \/><\/em><\/strong><strong><em>Harmonizuje psychick\u00e9, emocion\u00e1lne a\u00a0fyzick\u00e9 zdravie.<br \/><\/em><\/strong><strong><em>Podporuje zmenu vz\u0165ahu k\u00a0sebe sam\u00fdm\u00a0 i\u00a0zmenu vz\u0165ahov s druh\u00fdmi\u00a0\u013eu\u010fmi.<br \/><\/em><\/strong><strong><em>Vyjas\u0148uje na\u0161e \u017eivotn\u00e9 situ\u00e1cie.<br \/><\/em><\/strong><strong><em>Navracia\u00a0 \u010dloveka do jeho pln\u00e9ho potenci\u00e1lu zdravia, \u017eivotnej energie a\u00a0schopnost\u00ed.<\/em><\/strong><\/span><\/p>\n<p><strong>Ke\u010f prijmeme svoju vn\u00fatorn\u00fa\u00a0 kr\u00e1su, t\u00e1 n\u00e1s potom in\u0161piruje a otv\u00e1ra n\u00e1m cestu k n\u00e1m sam\u00fdm a k duchovn\u00e9mu poznaniu, nie len n\u00e1s sam\u00fdch.<br \/><\/strong><strong style=\"font-size: inherit;\">Vn\u00fatorn\u00e1 kr\u00e1sa n\u00e1s privedie k\u00a0vn\u00fatornej m\u00fadrosti a\u00a0k\u00a0pravde.<br \/><\/strong><strong>Na\u0161a temn\u00e1 str\u00e1nka, ktorou je aj p\u00fdcha a ktor\u00e1 sa schov\u00e1va za na\u0161e ego, sa sna\u017e\u00ed n\u00e1s robi\u0165\u00a0<\/strong><strong>hrd\u00fdmi, v\u00fdnimo\u010dn\u00fdmi,\u00a0 jedine\u010dn\u00fdmi a\u00a0<u>to za ka\u017ed\u00fa cenu<\/u>.\u00a0<\/strong><strong>T\u00fdm n\u00e1s dostane do poz\u00edcie a role \u201eobete\u201c.<br \/><\/strong><strong>Ak m\u00e1me p\u00fdchu v sebe, potom posudzujeme a hodnot\u00edme v\u0161etk\u00fdch \u013eud\u00ed okolo n\u00e1s, vr\u00e1tane n\u00e1s sam\u00fdch.\u00a0 Toto hodnotenie n\u00e1s sam\u00fdch si pritom ani neuvedomujeme, ono prebieha na nevedom\u00fdch rovin\u00e1ch, je v\u0161ak napriek na\u0161ej nevedomosti ve\u013emi pr\u00edsne, a\u017e krut\u00e9.<br \/><\/strong><strong style=\"font-size: inherit;\">Sami seba hodnot\u00edme a\u00a0posudzujeme najpr\u00edsnej\u0161ie.<br \/><\/strong><strong>Takto\u00a0 n\u00e1m na\u0161a temn\u00e1 str\u00e1nka zakr\u00fdva realitu a je \u0161\u0165astn\u00e1, ak vn\u00edmame il\u00faziu, ktor\u00fa chce, <\/strong><strong style=\"font-size: inherit;\">aby sme\u00a0 videli a\u00a0prij\u00edmali ju ako pravdu.<br \/><\/strong><strong>T\u00fdmto v n\u00e1s podporuje na\u0161u samo\u013e\u00fabos\u0165 a s t\u00fdm spojen\u00e9 pocity, \u017ee sme sa stali obe\u0165ou druh\u00fdch \u013eud\u00ed, preto\u017ee len, ak m\u00e1me v sebe p\u00fdchu a samo\u013e\u00fabos\u0165 a ch\u00fdba n\u00e1m pokora, tak posudzujeme a hodnot\u00edme spr\u00e1vanie a \u010diny druh\u00fdch \u013eud\u00ed a mysl\u00edme si, \u017ee\u00a0 len t\u00ed druh\u00ed chybuj\u00fa a mi sami sme\u00a0 neomyln\u00fd a bezchybn\u00fd.<br \/><\/strong><strong style=\"font-size: inherit;\">Nedok\u00e1\u017eeme sa pritom re\u00e1lne pozrie\u0165 na svoje vz\u0165ahy a\u00a0situ\u00e1cie, ktor\u00e9 sa n\u00e1m dej\u00fa z\u00a0in\u00e9ho uh\u013ea poh\u013eadu, preto\u017ee tento in\u00fd poh\u013ead\u00a0 je n\u00e1m zastret\u00fd,\u00a0 je schovan\u00fd za na\u0161u p\u00fdchu a\u00a0samo\u013e\u00fabos\u0165 a\u00a0tak vid\u00edme a\u00a0vn\u00edmame\u00a0 len il\u00faziu, ktor\u00fa n\u00e1m pon\u00faka na\u0161a temn\u00e1 str\u00e1nka.<br \/><\/strong><strong>Ak v\u0161ak pochop\u00edme, \u017ee v\u0161etko \u010do sa n\u00e1m deje, sme si sami vytvorili svojimi my\u0161lienkami, slovami, rozhodnutiami, pocitmi, em\u00f3ciami\u00a0 a \u010dinmi a z\u00e1rove\u0148 pochop\u00edme, \u017ee sme za to v\u0161etko plne zodpovedn\u00fd len mi sami, vlastne obetujeme svoju p\u00fdchu a samo\u013e\u00fabos\u0165.<br \/><\/strong><strong style=\"font-size: inherit;\">Toto poznanie, \u017ee svojimi my\u0161lienkami<u>,<\/u> slovami, rozhodnutiami, pocitmi, em\u00f3ciami\u00a0 a\u00a0\u010dinmi tvor\u00edme v\u017edy, \u010di u\u017e vedome, alebo nevedome je pre n\u00e1s ve\u013emi d\u00f4le\u017eit\u00e9, aby sme dok\u00e1zali prija\u0165 svoju ZODPOVEDNOS\u0164, za v\u0161etko \u010do sa n\u00e1m v\u00a0\u017eivote deje a\u00a0\u010do sme si v\u00a0\u017eivote vytvorili.<br \/><\/strong><strong>Prijat\u00edm zodpovednosti za\u00a0svoje my\u0161lienky, slov\u00e1, rozhodnutia, pocity, em\u00f3cie a \u010diny prijmeme aj svoju samo\u013e\u00fabos\u0165 a\u00a0p\u00fdchu.<br \/><\/strong><strong>Ak pochop\u00edme, \u017ee to na\u0161e ego vytvorilo samo\u013e\u00fabos\u0165 a dovol\u00edme L\u00e1ske, aby na\u0161u samo\u013e\u00fabos\u0165 vy\u010distila a uzdravila, premen\u00ed ju L\u00e1ska\u00a0 na S\u00facit.<br \/><\/strong><strong style=\"font-size: inherit;\">T\u00fdm z\u00edskame v sebe silu, aby sme dok\u00e1zali dan\u00fa situ\u00e1ciu\u00a0 alebo vz\u0165ah zmeni\u0165.<br \/><\/strong><strong style=\"font-size: inherit;\">Potom s\u00facit, ktor\u00fd sme z\u00edskali\u00a0 dok\u00e1\u017eeme da\u0165 nie len \u013eu\u010fom okolo seba, ale najm\u00e4 n\u00e1m sam\u00fdm.<br \/><\/strong><strong>So s\u00facitom prich\u00e1dza aj schopnos\u0165 Odp\u00fa\u0161\u0165a\u0165 domnel\u00e9 krivdy a bolesti, ktor\u00e9 n\u00e1m sp\u00f4sobili druh\u00ed\u00a0<\/strong><strong style=\"font-size: inherit;\">\u013eudia, a\u017e pochop\u00edme, \u017ee odpustenie potrebujeme da\u0165 najm\u00e4 n\u00e1m sam\u00fdm.<br \/><\/strong><span style=\"color: #ff00ff;\"><strong>S t\u00fdmto pochopen\u00edm a uvedomen\u00edm prich\u00e1dza vn\u00fatorn\u00fd pokoj, mier a najm\u00e4 v\u010fa\u010dnos\u0165 za \u017eivot, za v\u0161etko kr\u00e1sne a radostn\u00e9 v na\u0161om \u017eivote.\u00a0<\/strong><br \/><strong>\u010casom k\u00a0n\u00e1m potom prich\u00e1dza postupne aj pokora a zmierenie.<\/strong><br \/><strong>Ako keby Zodpovednos\u0165 bola tou nutnou podmienkou \u017eivota, ale L\u00c1SKA bola posta\u010duj\u00facou podmienkou \u017eivota, preto\u017ee ke\u010f m\u00e1me v sebe L\u00c1SKU, tak potom s L\u00c1SKOU prich\u00e1dza aj ZODPOVEDNOS\u0164.<\/strong><br \/><strong>Ke\u010f h\u013ead\u00e1me cestu k sebe, ke\u010f h\u013ead\u00e1me cestu do svojho vn\u00fatra, tak najd\u00f4le\u017eitej\u0161ia je L\u00c1SKA.<\/strong><br \/><strong>L\u00c1SKA je energia, ktor\u00e1\u00a0 otv\u00e1ra, odha\u013euje, zdie\u013ea a lie\u010di.<\/strong><br \/><strong>L\u00c1SKA D\u00c1VA DU\u0160I\u00a0 KR\u00cdDLA.<\/strong><br \/><\/span><strong>&#8222;pokra\u010dovanie cel\u00e9ho textu v prilo\u017eenom s\u00fabore PDF&#8220;<\/strong><\/p>\n<p><span style=\"color: #0000ff;\"><strong><a style=\"color: #0000ff;\" href=\"https:\/\/posolstvalasky.sk\/wp-content\/uploads\/2020\/03\/Metamorfna-technika.pdf\">Viac v slovenskom jazyku v PDF<\/a><\/strong><\/span><\/p>\n<p><strong><span style=\"color: #800080;\">METHAMORPHOSIS\u00a0<\/span><\/strong><\/p>\n<p><a href=\"https:\/\/posolstvalasky.sk\/wp-content\/uploads\/2020\/03\/methamorphosis-MT.pdf\"><strong><span style=\"color: #800080;\">More in English in PDF<\/span><\/strong><\/a><\/p>\n<p><img src=\"http:\/\/posolstvalasky.sk\/wp-content\/uploads\/2018\/05\/jason.jpg\" alt=\"\" \/>\u00a0 \u00a0<strong>Jaso\u0148 \u010dervenook\u00fd<\/strong><\/p>\n<p><img src=\"http:\/\/posolstvalasky.sk\/wp-content\/uploads\/2018\/05\/perlovec.jpg\" alt=\"\" \/>\u00a0 \u00a0<strong>Perlovec mal\u00fd<\/strong><\/p>\n<p><img src=\"http:\/\/http:\/\/posolstvalasky.sk\/wp-content\/uploads\/2018\/05\/Vidlochvost-feniklovy.jpg\" alt=\"\" \/><img src=\"http:\/\/posolstvalasky.sk\/wp-content\/uploads\/2018\/05\/Vidlochvost-feniklovy.jpg\" \/>\u00a0\u00a0<strong>Vidlochvost feniklov\u00fd<\/strong><\/p>\n<p>Fotografie mot\u00fd\u013eov s\u00fa uverejnen\u00e9 so s\u00fahlasom autora : Ing. Stanislav Kadlec.<br \/>Origin\u00e1ly fotografi\u00ed s\u00fa zverejnen\u00e9 na str\u00e1nke autora : <a href=\"https:\/\/stano-kadlec.webnode.sk\/\">\u00a0https:\/\/stano-kadlec.webnode.sk\u00a0<\/a><\/p>","protected":false},"excerpt":{"rendered":"<p>Metamorfn\u00e1 technika odstra\u0148uje du\u0161evn\u00e9 bloky a\u00a0premie\u0148a \u017eivotn\u00e9 vzorce a\u00a0sch\u00e9my.Je\u00a0 prirovn\u00e1van\u00e1 k procesu premeny h\u00fasenice na larvu, z ktorej vylet\u00ed n\u00e1dhern\u00fd mot\u00fd\u013e.Metamorf\u00f3za\u00a0 doslovne znamen\u00e1 premena.Vz\u0165ahuje sa k\u00a0\u017eivotn\u00fdm vzorcom, ktor\u00e9 maj\u00fa by\u0165 \u00a0premenen\u00e9.Premie\u0148a a\u00a0transformuje na\u0161e \u017eivotn\u00e9 vzorce spr\u00e1vania sa.Harmonizuje psychick\u00e9, emocion\u00e1lne a\u00a0fyzick\u00e9 zdravie.Podporuje zmenu vz\u0165ahu k\u00a0sebe sam\u00fdm\u00a0 i\u00a0zmenu vz\u0165ahov s druh\u00fdmi\u00a0\u013eu\u010fmi.Vyjas\u0148uje na\u0161e \u017eivotn\u00e9 situ\u00e1cie.Navracia\u00a0 \u010dloveka do jeho [&hellip;]<\/p>\n","protected":false},"author":2,"featured_media":0,"parent":0,"menu_order":0,"comment_status":"closed","ping_status":"closed","template":"","meta":{"_mi_skip_tracking":false},"yoast_head":"<!-- This site is optimized with the Yoast SEO plugin v19.13 - https:\/\/yoast.com\/wordpress\/plugins\/seo\/ -->\n<title>Metamorfn\u00e1 technika \/ METHAMORPHOSIS - posolstv\u00e1 l\u00e1sky<\/title>\n<meta name=\"robots\" content=\"index, follow, max-snippet:-1, max-image-preview:large, max-video-preview:-1\" \/>\n<link rel=\"canonical\" href=\"https:\/\/posolstvalasky.sk\/?page_id=1217\" \/>\n<meta property=\"og:locale\" content=\"sk_SK\" \/>\n<meta property=\"og:type\" content=\"article\" \/>\n<meta property=\"og:title\" content=\"Metamorfn\u00e1 technika \/ METHAMORPHOSIS - posolstv\u00e1 l\u00e1sky\" \/>\n<meta property=\"og:description\" content=\"Metamorfn\u00e1 technika odstra\u0148uje du\u0161evn\u00e9 bloky a\u00a0premie\u0148a \u017eivotn\u00e9 vzorce a\u00a0sch\u00e9my.Je\u00a0 prirovn\u00e1van\u00e1 k procesu premeny h\u00fasenice na larvu, z ktorej vylet\u00ed n\u00e1dhern\u00fd mot\u00fd\u013e.Metamorf\u00f3za\u00a0 doslovne znamen\u00e1 premena.Vz\u0165ahuje sa k\u00a0\u017eivotn\u00fdm vzorcom, ktor\u00e9 maj\u00fa by\u0165 \u00a0premenen\u00e9.Premie\u0148a a\u00a0transformuje na\u0161e \u017eivotn\u00e9 vzorce spr\u00e1vania sa.Harmonizuje psychick\u00e9, emocion\u00e1lne a\u00a0fyzick\u00e9 zdravie.Podporuje zmenu vz\u0165ahu k\u00a0sebe sam\u00fdm\u00a0 i\u00a0zmenu vz\u0165ahov s druh\u00fdmi\u00a0\u013eu\u010fmi.Vyjas\u0148uje na\u0161e \u017eivotn\u00e9 situ\u00e1cie.Navracia\u00a0 \u010dloveka do jeho [&hellip;]\" \/>\n<meta property=\"og:url\" content=\"https:\/\/posolstvalasky.sk\/?page_id=1217\" \/>\n<meta property=\"og:site_name\" content=\"posolstv\u00e1 l\u00e1sky\" \/>\n<meta property=\"article:publisher\" content=\"https:\/\/www.facebook.com\/groups\/1114611919024304\/\" \/>\n<meta property=\"article:modified_time\" content=\"2022-03-27T19:10:17+00:00\" \/>\n<meta property=\"og:image\" content=\"https:\/\/posolstvalasky.sk\/wp-content\/uploads\/2022\/02\/metamorfna-technika-1024x809.jpg\" \/>\n<meta name=\"twitter:card\" content=\"summary_large_image\" \/>\n<meta name=\"twitter:label1\" content=\"Predpokladan\u00fd \u010das \u010d\u00edtania\" \/>\n\t<meta name=\"twitter:data1\" content=\"5 min\u00fat\" \/>\n<script type=\"application\/ld+json\" class=\"yoast-schema-graph\">{\"@context\":\"https:\/\/schema.org\",\"@graph\":[{\"@type\":\"WebPage\",\"@id\":\"https:\/\/posolstvalasky.sk\/?page_id=1217\",\"url\":\"https:\/\/posolstvalasky.sk\/?page_id=1217\",\"name\":\"Metamorfn\u00e1 technika \/ METHAMORPHOSIS - posolstv\u00e1 l\u00e1sky\",\"isPartOf\":{\"@id\":\"https:\/\/posolstvalasky.sk\/#website\"},\"datePublished\":\"2018-04-29T23:06:18+00:00\",\"dateModified\":\"2022-03-27T19:10:17+00:00\",\"breadcrumb\":{\"@id\":\"https:\/\/posolstvalasky.sk\/?page_id=1217#breadcrumb\"},\"inLanguage\":\"sk-SK\",\"potentialAction\":[{\"@type\":\"ReadAction\",\"target\":[\"https:\/\/posolstvalasky.sk\/?page_id=1217\"]}]},{\"@type\":\"BreadcrumbList\",\"@id\":\"https:\/\/posolstvalasky.sk\/?page_id=1217#breadcrumb\",\"itemListElement\":[{\"@type\":\"ListItem\",\"position\":1,\"name\":\"Home\",\"item\":\"https:\/\/posolstvalasky.sk\/\"},{\"@type\":\"ListItem\",\"position\":2,\"name\":\"Metamorfn\u00e1 technika \/ METHAMORPHOSIS\"}]},{\"@type\":\"WebSite\",\"@id\":\"https:\/\/posolstvalasky.sk\/#website\",\"url\":\"https:\/\/posolstvalasky.sk\/\",\"name\":\"posolstv\u00e1 l\u00e1sky\",\"description\":\"\",\"potentialAction\":[{\"@type\":\"SearchAction\",\"target\":{\"@type\":\"EntryPoint\",\"urlTemplate\":\"https:\/\/posolstvalasky.sk\/?s={search_term_string}\"},\"query-input\":\"required name=search_term_string\"}],\"inLanguage\":\"sk-SK\"}]}<\/script>\n<!-- \/ Yoast SEO plugin. -->","yoast_head_json":{"title":"Metamorfn\u00e1 technika \/ METHAMORPHOSIS - posolstv\u00e1 l\u00e1sky","robots":{"index":"index","follow":"follow","max-snippet":"max-snippet:-1","max-image-preview":"max-image-preview:large","max-video-preview":"max-video-preview:-1"},"canonical":"https:\/\/posolstvalasky.sk\/?page_id=1217","og_locale":"sk_SK","og_type":"article","og_title":"Metamorfn\u00e1 technika \/ METHAMORPHOSIS - posolstv\u00e1 l\u00e1sky","og_description":"Metamorfn\u00e1 technika odstra\u0148uje du\u0161evn\u00e9 bloky a\u00a0premie\u0148a \u017eivotn\u00e9 vzorce a\u00a0sch\u00e9my.Je\u00a0 prirovn\u00e1van\u00e1 k procesu premeny h\u00fasenice na larvu, z ktorej vylet\u00ed n\u00e1dhern\u00fd mot\u00fd\u013e.Metamorf\u00f3za\u00a0 doslovne znamen\u00e1 premena.Vz\u0165ahuje sa k\u00a0\u017eivotn\u00fdm vzorcom, ktor\u00e9 maj\u00fa by\u0165 \u00a0premenen\u00e9.Premie\u0148a a\u00a0transformuje na\u0161e \u017eivotn\u00e9 vzorce spr\u00e1vania sa.Harmonizuje psychick\u00e9, emocion\u00e1lne a\u00a0fyzick\u00e9 zdravie.Podporuje zmenu vz\u0165ahu k\u00a0sebe sam\u00fdm\u00a0 i\u00a0zmenu vz\u0165ahov s druh\u00fdmi\u00a0\u013eu\u010fmi.Vyjas\u0148uje na\u0161e \u017eivotn\u00e9 situ\u00e1cie.Navracia\u00a0 \u010dloveka do jeho [&hellip;]","og_url":"https:\/\/posolstvalasky.sk\/?page_id=1217","og_site_name":"posolstv\u00e1 l\u00e1sky","article_publisher":"https:\/\/www.facebook.com\/groups\/1114611919024304\/","article_modified_time":"2022-03-27T19:10:17+00:00","og_image":[{"url":"https:\/\/posolstvalasky.sk\/wp-content\/uploads\/2022\/02\/metamorfna-technika-1024x809.jpg"}],"twitter_card":"summary_large_image","twitter_misc":{"Predpokladan\u00fd \u010das \u010d\u00edtania":"5 min\u00fat"},"schema":{"@context":"https:\/\/schema.org","@graph":[{"@type":"WebPage","@id":"https:\/\/posolstvalasky.sk\/?page_id=1217","url":"https:\/\/posolstvalasky.sk\/?page_id=1217","name":"Metamorfn\u00e1 technika \/ METHAMORPHOSIS - posolstv\u00e1 l\u00e1sky","isPartOf":{"@id":"https:\/\/posolstvalasky.sk\/#website"},"datePublished":"2018-04-29T23:06:18+00:00","dateModified":"2022-03-27T19:10:17+00:00","breadcrumb":{"@id":"https:\/\/posolstvalasky.sk\/?page_id=1217#breadcrumb"},"inLanguage":"sk-SK","potentialAction":[{"@type":"ReadAction","target":["https:\/\/posolstvalasky.sk\/?page_id=1217"]}]},{"@type":"BreadcrumbList","@id":"https:\/\/posolstvalasky.sk\/?page_id=1217#breadcrumb","itemListElement":[{"@type":"ListItem","position":1,"name":"Home","item":"https:\/\/posolstvalasky.sk\/"},{"@type":"ListItem","position":2,"name":"Metamorfn\u00e1 technika \/ METHAMORPHOSIS"}]},{"@type":"WebSite","@id":"https:\/\/posolstvalasky.sk\/#website","url":"https:\/\/posolstvalasky.sk\/","name":"posolstv\u00e1 l\u00e1sky","description":"","potentialAction":[{"@type":"SearchAction","target":{"@type":"EntryPoint","urlTemplate":"https:\/\/posolstvalasky.sk\/?s={search_term_string}"},"query-input":"required name=search_term_string"}],"inLanguage":"sk-SK"}]}},"_links":{"self":[{"href":"https:\/\/posolstvalasky.sk\/index.php?rest_route=\/wp\/v2\/pages\/1217"}],"collection":[{"href":"https:\/\/posolstvalasky.sk\/index.php?rest_route=\/wp\/v2\/pages"}],"about":[{"href":"https:\/\/posolstvalasky.sk\/index.php?rest_route=\/wp\/v2\/types\/page"}],"author":[{"embeddable":true,"href":"https:\/\/posolstvalasky.sk\/index.php?rest_route=\/wp\/v2\/users\/2"}],"replies":[{"embeddable":true,"href":"https:\/\/posolstvalasky.sk\/index.php?rest_route=%2Fwp%2Fv2%2Fcomments&post=1217"}],"version-history":[{"count":5,"href":"https:\/\/posolstvalasky.sk\/index.php?rest_route=\/wp\/v2\/pages\/1217\/revisions"}],"predecessor-version":[{"id":4153,"href":"https:\/\/posolstvalasky.sk\/index.php?rest_route=\/wp\/v2\/pages\/1217\/revisions\/4153"}],"wp:attachment":[{"href":"https:\/\/posolstvalasky.sk\/index.php?rest_route=%2Fwp%2Fv2%2Fmedia&parent=1217"}],"curies":[{"name":"wp","href":"https:\/\/api.w.org\/{rel}","templated":true}]}}