{"id":2049,"date":"2020-03-10T18:12:46","date_gmt":"2020-03-10T17:12:46","guid":{"rendered":"https:\/\/posolstvalasky.sk\/?page_id=2049"},"modified":"2020-06-01T00:48:46","modified_gmt":"2020-05-31T22:48:46","slug":"messages-in-english","status":"publish","type":"page","link":"https:\/\/posolstvalasky.sk\/?page_id=2049","title":{"rendered":"MESSAGES IN ENGLISH"},"content":{"rendered":"\n<p><strong>THE PRAYER OF LOVE<\/strong>       <strong><a href=\"https:\/\/posolstvalasky.sk\/wp-content\/uploads\/2020\/03\/Prayer-of-love.pdf\">More in English in PDF<\/a><\/strong><\/p>\n\n\n\n<p><strong>LAW OF FREE WILL \u2013 Part 1.<\/strong>     <strong><a href=\"https:\/\/posolstvalasky.sk\/wp-content\/uploads\/2020\/05\/ZSV-Law-of-free-will-1cast.pdf\">More in English in PDF<\/a><\/strong><br><strong>LAW OF FREE WILL \u2013 part 2.<\/strong>     <strong><a href=\"https:\/\/posolstvalasky.sk\/wp-content\/uploads\/2020\/05\/ZSV-Law-of-free-will-2cast.pdf\">More in English in PDF<\/a><\/strong> <\/p>\n\n\n\n<p><strong>LAW OF KNOWLEDGE \u2013 Part 1.<\/strong>     <strong><a href=\"https:\/\/posolstvalasky.sk\/wp-content\/uploads\/2020\/05\/ZP-Law-of-knowledge-1cast.pdf\">More in English in PDF<\/a><\/strong> <br><strong>LAW OF KNOWLEDGE \u2013 Part 2.<\/strong>     <strong><a href=\"https:\/\/posolstvalasky.sk\/wp-content\/uploads\/2020\/05\/ZP-Law-of-knowledge-2cast.pdf\">More in English in PDF<\/a><\/strong> <\/p>\n\n\n\n<p><strong>LAW OF CONSERVATION OF ENERGY \u2013 Part 1.<\/strong>    <a href=\"https:\/\/posolstvalasky.sk\/wp-content\/uploads\/2020\/05\/ZZE-Law-of-Conservation-of-Energy-1cast.pdf\"> <\/a><strong><a href=\"https:\/\/posolstvalasky.sk\/wp-content\/uploads\/2020\/05\/ZZE-Law-of-Conservation-of-Energy-1cast.pdf\">More in English in PDF<\/a><\/strong> <br><strong>LAW OF CONSERVATION OF ENERGY \u2013 Part 2.<\/strong>     <strong><a href=\"https:\/\/posolstvalasky.sk\/wp-content\/uploads\/2020\/05\/ZZE-Law-of-Conservation-of-Energy-2cast.pdf\">More in English in PDF<\/a><\/strong><a href=\"https:\/\/posolstvalasky.sk\/wp-content\/uploads\/2020\/05\/ZZE-Law-of-Conservation-of-Energy-2cast.pdf\"> <\/a><br><strong>LAW OF CONSERVATION OF ENERGY \u2013 Part 3.<\/strong>     <strong><a href=\"https:\/\/posolstvalasky.sk\/wp-content\/uploads\/2020\/05\/ZZE-Law-of-Conservation-of-Energy-3cast.pdf\">More in English in PDF<\/a><\/strong><a href=\"https:\/\/posolstvalasky.sk\/wp-content\/uploads\/2020\/05\/ZZE-Law-of-Conservation-of-Energy-3cast.pdf\"> <\/a><br><strong>LAW OF CONSERVATION OF ENERGY \u2013 Part 4.<\/strong>     <strong><a href=\"https:\/\/posolstvalasky.sk\/wp-content\/uploads\/2020\/05\/ZZE-Law-of-Conservation-of-Energy-4cast.pdf\">More in English in PDF<\/a><\/strong> <\/p>\n\n\n\n<p><strong>HIGHER PRINCIPLES OF COSMIC LAWS \u2013 Part 1.<\/strong>  <strong><a href=\"https:\/\/posolstvalasky.sk\/wp-content\/uploads\/2020\/05\/VP-VZ-Higher-principles-of-Cosmic-laws-1cast.pdf\">More in English in PDF<\/a><\/strong><a href=\"https:\/\/posolstvalasky.sk\/wp-content\/uploads\/2020\/05\/VP-VZ-Higher-principles-of-Cosmic-laws-1cast.pdf\"> <\/a><strong><a href=\"https:\/\/posolstvalasky.sk\/wp-content\/uploads\/2020\/05\/VP-VZ-Higher-principles-of-Cosmic-laws-1cast.pdf\"> <\/a><\/strong><br><strong>HIGHER PRINCIPLES OF COSMIC LAWS \u2013 Part 2.<\/strong> <strong><a href=\"https:\/\/posolstvalasky.sk\/wp-content\/uploads\/2020\/05\/VP-VZ-Higher-principles-of-Cosmic-laws-2cast.pdf\">More in English im PDF<\/a><\/strong><br><strong>HIGHER PRINCIPLES OF COSMIC LAWS \u2013 Part 3.<\/strong>  <strong><a href=\"https:\/\/posolstvalasky.sk\/wp-content\/uploads\/2020\/05\/VP-VZ-Higher-principles-of-Cosmic-laws-3cast.pdf\">More in English in PDF<\/a><\/strong><a href=\"https:\/\/posolstvalasky.sk\/wp-content\/uploads\/2020\/05\/VP-VZ-Higher-principles-of-Cosmic-laws-3cast.pdf\"> <\/a><strong><a href=\"https:\/\/posolstvalasky.sk\/wp-content\/uploads\/2020\/05\/VP-VZ-Higher-principles-of-Cosmic-laws-3cast.pdf\"> <\/a><\/strong><br><strong>HIGHER PRINCIPLES OF COSMIC LAWS \u2013 Part 4.<\/strong>  <strong><a href=\"https:\/\/posolstvalasky.sk\/wp-content\/uploads\/2020\/05\/VP-VZ-Higher-principles-of-Cosmic-laws-4cast.pdf\">More in English in PDF<\/a><\/strong><br><br><strong>Trust, Respect, Humility, Compassion &#8211; Part 1.  <a href=\"https:\/\/posolstvalasky.sk\/wp-content\/uploads\/2020\/03\/Trust-respect-humility-compassion-DoveraUctaPokoraSucit1cast.pdf\">More in English in PDF<\/a><\/strong><br><strong>Trust, Respect, Humility, Compassion<\/strong> <strong>&#8211; Part 2.  <a href=\"https:\/\/posolstvalasky.sk\/wp-content\/uploads\/2020\/03\/Trust-respect-humility-compassion-DoveraUctaPokoraSucit2cast.pdf\">More in English in PDF<\/a><\/strong><br><strong>Trust, Respect, Humility, Compassion<\/strong> <strong>&#8211; Part 3.  <a href=\"https:\/\/posolstvalasky.sk\/wp-content\/uploads\/2020\/03\/Trust-respect-humility-compassion-DoveraUctaPokoraSucit3cast.pdf\">More in English in PDF<\/a><\/strong><br><strong>Trust, Respect, Humility, Compassion<\/strong> <strong>&#8211; Part 4.  <a href=\"https:\/\/posolstvalasky.sk\/wp-content\/uploads\/2020\/03\/Trust-respect-humility-compassion-DoveraUctaPokoraSucit4cast.pdf\">More in English in PDF<\/a><\/strong><\/p>\n\n\n\n<p><strong>NINTH HEAD OF PRIDE &#8211; Part 1.<\/strong>      <strong><a href=\"https:\/\/posolstvalasky.sk\/wp-content\/uploads\/2020\/03\/Ninth-head-of-pride-9hlava-pychy1cast.pdf\">More in English in PDF<\/a><\/strong><br><strong>NINTH HEAD OF PRIDE &#8211; Part 2.       <a href=\"https:\/\/posolstvalasky.sk\/wp-content\/uploads\/2020\/03\/Ninth-head-of-pride-9hlava-pychy2cast.pdf\">More in English in PDF<\/a><\/strong><\/p>\n\n\n\n<p><strong>POWER OF FEAR &#8211; Part 1.     <a href=\"https:\/\/posolstvalasky.sk\/wp-content\/uploads\/2020\/03\/Power-of-fear-Posobenie-strachu-1cast.pdf\">More in English in PDF<\/a><\/strong><br><strong>POWER OF FEAR &#8211; Part 2.     <a href=\"https:\/\/posolstvalasky.sk\/wp-content\/uploads\/2020\/03\/Power-of-fear-Posobenie-strachu-2cast.pdf\">More in English in PDF<\/a><\/strong><br><strong>POWER OF FEAR &#8211; Part 3.     <a href=\"https:\/\/posolstvalasky.sk\/wp-content\/uploads\/2020\/03\/Power-of-fear-Posobenie-strachu-3cast.pdf\">More in English in PDF<\/a><\/strong><br><strong>POWER OF FEAR &#8211; Part 4.     <a href=\"https:\/\/posolstvalasky.sk\/wp-content\/uploads\/2020\/03\/Power-of-fear-Posobenie-strachu-4cast.pdf\">More in English in PDF<\/a><\/strong><\/p>\n\n\n\n<p><strong>INITIAL MANIPULATION OF FEAR &#8211; Part 1.   <a href=\"https:\/\/posolstvalasky.sk\/wp-content\/uploads\/2020\/03\/Initial-Manipulation-of-fear-Prvotna-manipulacia-strachu1cast.pdf\">More in English in PDF<\/a><\/strong><br><strong>INITIAL MANIPULATION OF FEAR &#8211; Part 2.   <a href=\"https:\/\/posolstvalasky.sk\/wp-content\/uploads\/2020\/03\/Initial-Manipulation-of-fear-Prvotna-manipulacia-strachu2cast.pdf\">More in English in PDF<\/a><\/strong><br><strong>INITIAL MANIPULATION OF FEAR &#8211; Part 3.   <a href=\"https:\/\/posolstvalasky.sk\/wp-content\/uploads\/2020\/03\/Initial-Manipulation-of-fear-Prvotna-manipulacia-strachu3cast.pdf\">More in English in PDF<\/a><\/strong><br><strong>INITIAL MANIPULATION OF FEAR &#8211; Part 4.   <a href=\"https:\/\/posolstvalasky.sk\/wp-content\/uploads\/2020\/03\/Initial-Manipulation-of-fear-Prvotna-manipulacia-strachu4cast.pdf\">More in English in PDF<\/a><\/strong><br><strong>INITIAL MANIPULATION OF FEAR &#8211; Part 5.   <a href=\"https:\/\/posolstvalasky.sk\/wp-content\/uploads\/2020\/03\/Initial-Manipulation-of-fear-Prvotna-manipulacia-strachu5cast.pdf\">More in English in PDF<\/a><\/strong><\/p>\n\n\n\n<p><strong>LOVE, SOUL, FEAR &#8211; Part 1.    <a href=\"https:\/\/posolstvalasky.sk\/wp-content\/uploads\/2020\/03\/Love-Soul-Fear-Laska-Dusa-Strach-1cast.pdf\">More in English in PDF<\/a><\/strong><br><strong>LOVE, SOUL, FEAR &#8211; Part 2.    <a href=\"https:\/\/posolstvalasky.sk\/wp-content\/uploads\/2020\/03\/Love-Soul-Fear-Laska-Dusa-Strach-2cast.pdf\">More in English in PDF<\/a><\/strong><\/p>\n\n\n\n<p><strong>MALE AND WOMEN ENERGY &#8211; Part 1.     <a href=\"https:\/\/posolstvalasky.sk\/wp-content\/uploads\/2019\/12\/Male-and-women-energy-part-1.pdf\">More in English in PDF<\/a><\/strong><br><strong>MALE AND WOMEN ENERGY &#8211; Part 2.     <a href=\"https:\/\/posolstvalasky.sk\/wp-content\/uploads\/2019\/12\/Male-and-women-energy-part-2.pdf\">More in English in PDF<\/a><\/strong><\/p>\n\n\n\n<p><strong>SACRED LOVE    <a href=\"https:\/\/posolstvalasky.sk\/wp-content\/uploads\/2019\/12\/message-of-Sacred-love.pdf\">More in English in PDF<\/a><\/strong><\/p>\n\n\n\n<p><strong>BREAST LUMPS    <a href=\"https:\/\/posolstvalasky.sk\/wp-content\/uploads\/2019\/12\/Breast-lumps.pdf\">More in English PDF<\/a><\/strong><\/p>\n\n\n\n<p><strong>EQUALITY &#8211; Part 1.   <a href=\"https:\/\/posolstvalasky.sk\/wp-content\/uploads\/2020\/02\/Equality-Rovnocennost1cat.pdf\">More in English in PDF<\/a><\/strong><br><strong>EQUALITY &#8211; Part 2.   <a href=\"https:\/\/posolstvalasky.sk\/wp-content\/uploads\/2020\/02\/Equality-Rovnocennost2cat.pdf\">More in English in PDF<\/a><\/strong><a href=\"https:\/\/posolstvalasky.sk\/wp-content\/uploads\/2020\/02\/Equality-Rovnocennost2cat.pdf\"> <\/a><br><strong>EQUALITY &#8211; Part 3.   <a href=\"https:\/\/posolstvalasky.sk\/wp-content\/uploads\/2020\/02\/Equality-Rovnocennost3cat.pdf\">More in English in PDF<\/a><\/strong><br><strong>EQUALITY &#8211; Part 4.   <a href=\"https:\/\/posolstvalasky.sk\/wp-content\/uploads\/2020\/02\/Equality-Rovnocennost4cat.pdf\">More in English in PDF<\/a><\/strong><\/p>\n\n\n\n<p><strong>RESPONSIBILITY &#8211; Part 1.    <a href=\"https:\/\/posolstvalasky.sk\/wp-content\/uploads\/2020\/03\/Responsibility-Zodpovednost-1cast.pdf\">More in English in PDF<\/a><\/strong><br><strong>RESPONSIBILITY &#8211; Part 2.    <a href=\"https:\/\/posolstvalasky.sk\/wp-content\/uploads\/2020\/03\/Responsibility-Zodpovednost-2cast.pdf\">More in English in PDF<\/a><\/strong><br><strong>RESPONSIBILITY &#8211; Part 3.    <a href=\"https:\/\/posolstvalasky.sk\/wp-content\/uploads\/2020\/03\/Responsibility-Zodpovednost-3cast.pdf\">More in English in PDF<\/a><\/strong><br><strong>RESPONSIBILITY &#8211; Part 4.    <a href=\"https:\/\/posolstvalasky.sk\/wp-content\/uploads\/2020\/03\/Responsibility-Zodpovednost-4cast.pdf\">More in English in PDF<\/a><\/strong><br><strong>RESPONSIBILITY &#8211; Part 5.    <a href=\"https:\/\/posolstvalasky.sk\/wp-content\/uploads\/2020\/03\/Responsibility-Zodpovednost-5cast.pdf\">More in English in PDF<\/a><\/strong><\/p>\n\n\n\n<p><strong>POWERLESSNESS &#8211; Part 1.    <a href=\"https:\/\/posolstvalasky.sk\/wp-content\/uploads\/2020\/02\/Powerlessness-Bezmocnost1cast.pdf\">More in English in PDF<\/a><\/strong><br><strong>POWERLESSNESS &#8211; Part 2.    <a href=\"https:\/\/posolstvalasky.sk\/wp-content\/uploads\/2020\/02\/Powerlessness-Bezmocnost2cast.pdf\">More in English in PDF<\/a><\/strong><br><strong>POWERLESSNESS &#8211; Part 3.   <a href=\"https:\/\/posolstvalasky.sk\/wp-content\/uploads\/2020\/02\/Powerlessness-Bezmocnost3cast.pdf\"> More in English in PDF<\/a><\/strong><a href=\"https:\/\/posolstvalasky.sk\/wp-content\/uploads\/2020\/02\/Powerlessness-Bezmocnost3cast.pdf\"> <\/a><\/p>\n\n\n\n<p><strong>FAITH AND EXPECTATION &#8211; Part 1.    <a href=\"https:\/\/posolstvalasky.sk\/wp-content\/uploads\/2020\/03\/Faith-and-excpectation-Viera-a-ocakavanie-1cast.pdf\">More in English in PDF<\/a><\/strong><br><strong>FAITH AND EXPECTATION &#8211; Part 2.    <a href=\"https:\/\/posolstvalasky.sk\/wp-content\/uploads\/2020\/03\/Faith-and-excpectation-Viera-a-ocakavanie-2cast.pdf\">More in English in PDF<\/a><\/strong><br><strong>FAITH AND EXPECTATION &#8211; Part 3.   <a href=\"https:\/\/posolstvalasky.sk\/wp-content\/uploads\/2020\/03\/Faith-and-excpectation-Viera-a-ocakavanie-3cast.pdf\"> More in English in PDF<\/a><\/strong><\/p>\n\n\n\n<p style=\"text-align:left\"><strong>FORGIVING YOURSELF &#8211; Part 1.    <a href=\"https:\/\/posolstvalasky.sk\/wp-content\/uploads\/2020\/03\/Forgiving-yourself-Odpustenie-sebe-samym-1cast.pdf\">More in English in PDF<\/a><\/strong><a href=\"https:\/\/posolstvalasky.sk\/wp-content\/uploads\/2020\/03\/Forgiving-yourself-Odpustenie-sebe-samym-1cast.pdf\"> <\/a><br><strong>FORGIVING YOURSELF &#8211; Part 2.    <a href=\"https:\/\/posolstvalasky.sk\/wp-content\/uploads\/2020\/03\/Forgiving-yourself-Odpustenie-sebe-samym-2cast.pdf\">More in English in PDF<\/a><\/strong><a href=\"https:\/\/posolstvalasky.sk\/wp-content\/uploads\/2020\/03\/Forgiving-yourself-Odpustenie-sebe-samym-2cast.pdf\"> <\/a><br><strong>FORGIVING YOURSELF &#8211; Part 3.    <a href=\"https:\/\/posolstvalasky.sk\/wp-content\/uploads\/2020\/03\/Forgiving-yourself-Odpustenie-sebe-samym-3cast.pdf\">More in English in PDF<\/a><\/strong><\/p>\n\n\n\n<p><strong>DRAGONS    <a href=\"https:\/\/posolstvalasky.sk\/wp-content\/uploads\/2020\/03\/Dragons-Draci.pdf\">More in English in PDF<\/a><\/strong><\/p>\n\n\n\n<p><strong>ATTACHMENT &#8211;&nbsp; Part 1.<\/strong>   <strong><a href=\"https:\/\/posolstvalasky.sk\/wp-content\/uploads\/2020\/05\/Attachment-Priputanost-1cast.pdf\">More in English in PDF<\/a><\/strong><br><strong>ATTACHMENT &#8211;&nbsp; Part 2.<\/strong>    <strong><a href=\"https:\/\/posolstvalasky.sk\/wp-content\/uploads\/2020\/05\/Attachment-Priputanost-2cast.pdf\">More in English in PDF<\/a><\/strong> <br><strong>ATTACHMENT &#8211;&nbsp; Part 3<\/strong>.    <strong><a href=\"https:\/\/posolstvalasky.sk\/wp-content\/uploads\/2020\/05\/Attachment-Priputanost-3cast.pdf\">More in English in PDF <\/a><\/strong><br><strong>ATTACHMENT &#8211;&nbsp; Part 4.<\/strong>    <strong><a href=\"https:\/\/posolstvalasky.sk\/wp-content\/uploads\/2020\/05\/Attachment-Priputanost-4cast.pdf\">More in English in PDF<\/a><\/strong> <\/p>\n\n\n\n<p><strong>HUMILITY and&nbsp; ATTACHMENT \u2013 Part 1.<\/strong>   <strong><a href=\"https:\/\/posolstvalasky.sk\/wp-content\/uploads\/2020\/05\/Humility-and-attachment-PokoraPriputanost-1cast.pdf\">More in English in PDF<\/a><\/strong><br><strong>HUMILITY and&nbsp; ATTACHMENT \u2013 Part 2.<\/strong>   <strong><a href=\"https:\/\/posolstvalasky.sk\/wp-content\/uploads\/2020\/05\/Humility-and-attachment-PokoraPriputanost-2cast.pdf\">More in English in PDF<\/a><\/strong>  <br><strong>HUMILITY and&nbsp; ATTACHMENT \u2013 Part 3.<\/strong>    <strong><a href=\"https:\/\/posolstvalasky.sk\/wp-content\/uploads\/2020\/05\/Humility-and-attachment-PokoraPriputanost-3cast.pdf\">More in English in PDF<\/a><\/strong> <br><strong>HUMILITY and&nbsp; ATTACHMENT \u2013 Part 4.<\/strong>    <strong><a href=\"https:\/\/posolstvalasky.sk\/wp-content\/uploads\/2020\/05\/Humility-and-attachment-PokoraPriputanost-4cast.pdf\">More in English in PDF<\/a><\/strong> <\/p>\n\n\n\n<p><strong>HUMILITY and PRIDE \u2013 part 1.<\/strong>   <strong><a href=\"https:\/\/posolstvalasky.sk\/wp-content\/uploads\/2020\/05\/Humility-and-pride-PokoraPycha-1cast.pdf\">More in English in PDF<\/a><\/strong> <br><strong>HUMILITY and PRIDE \u2013 part 2.<\/strong>   <strong><a href=\"https:\/\/posolstvalasky.sk\/wp-content\/uploads\/2020\/05\/Humility-and-pride-PokoraPycha-2cast.pdf\">More in English in PDF <\/a><\/strong><br><strong>HUMILITY and PRIDE \u2013 part 3.<\/strong>    <strong><a href=\"https:\/\/posolstvalasky.sk\/wp-content\/uploads\/2020\/05\/Humility-and-pride-PokoraPycha-3cast.pdf\">More in English in PDF <\/a><\/strong><br><strong>HUMILITY and PRIDE \u2013 part 4.<\/strong>   <strong><a href=\"https:\/\/posolstvalasky.sk\/wp-content\/uploads\/2020\/05\/Humility-and-pride-PokoraPycha-4cast.pdf\">More in English in PDF<\/a><\/strong> <\/p>\n\n\n\n<p><strong>HUMILITY and PREDUJICE \u2013 Part 1.<\/strong>   <strong><a href=\"https:\/\/posolstvalasky.sk\/wp-content\/uploads\/2020\/05\/Humility-and-predujice-PokoraPredsudky-1cast.pdf\">More in English in PDF <\/a><\/strong><br><strong>HUMILITY and PREDUJICE \u2013 Part 2.<\/strong>   <strong><a href=\"https:\/\/posolstvalasky.sk\/wp-content\/uploads\/2020\/05\/Humility-and-predujice-PokoraPredsudky-2cast.pdf\">More in English in PDF<\/a><\/strong> <br><strong>HUMILITY and PREDUJICE \u2013 Part 3.<\/strong>   <strong><a href=\"https:\/\/posolstvalasky.sk\/wp-content\/uploads\/2020\/05\/Humility-and-predujice-PokoraPredsudky-3cast.pdf\">More in English in PDF <\/a><\/strong><br><strong>HUMILITY and PREDUJICE \u2013 Part 4.<\/strong>    <strong><a href=\"https:\/\/posolstvalasky.sk\/wp-content\/uploads\/2020\/05\/Humility-and-predujice-PokoraPredsudky-4cast.pdf\">More in English in PDF<\/a><\/strong><br><strong>HUMILITY and PREDUJICE \u2013 Part 5.<\/strong>    <strong><a href=\"https:\/\/posolstvalasky.sk\/wp-content\/uploads\/2020\/05\/Humility-and-predujice-PokoraPredsudky-5cast.pdf\">More in English in PDF <\/a><\/strong><\/p>\n\n\n\n<p><strong>HUMILITY and CRUELTY \u2013 part 1.<\/strong>    <strong><a href=\"https:\/\/posolstvalasky.sk\/wp-content\/uploads\/2020\/05\/Humility-and-cruelty-Pokora-Krutost-1cast.pdf\">More in English in PDF <\/a><\/strong><br><strong>HUMILITY and CRUELTY \u2013 part 2<\/strong>.    <strong><a href=\"https:\/\/posolstvalasky.sk\/wp-content\/uploads\/2020\/05\/Humility-and-cruelty-Pokora-Krutost-2cast.pdf\">More in English in PDF<\/a><\/strong>  <br><strong>HUMILITY and CRUELTY \u2013 part 3.  <\/strong>  <strong><a href=\"https:\/\/posolstvalasky.sk\/wp-content\/uploads\/2020\/05\/Humility-and-cruelty-Pokora-Krutost-3cast.pdf\">More in English in PDF <\/a><\/strong> <br><strong>HUMILITY and CRUELTY \u2013 part<\/strong> 4.    <strong><a href=\"https:\/\/posolstvalasky.sk\/wp-content\/uploads\/2020\/05\/Humility-and-cruelty-Pokora-Krutost-4cast.pdf\">More in English in PDF<\/a><\/strong>  <\/p>\n\n\n\n<p><strong> HUMILIATION \u2013 Part 1.<\/strong>   <strong><a href=\"https:\/\/posolstvalasky.sk\/wp-content\/uploads\/2020\/05\/Humiliation-Ponizenie-1cast.pdf\">More in English in PDF<\/a> <\/strong>  <br> <strong>HUMILIATION \u2013 Part 2.<\/strong>   <strong><a href=\"https:\/\/posolstvalasky.sk\/wp-content\/uploads\/2020\/05\/Humiliation-Ponizenie-2cast.pdf\">More in English in PDF<\/a><\/strong>   <\/p>\n\n\n\n<p><strong>CRUELTY&nbsp; &#8211; Part 1.<\/strong>   <strong><a href=\"https:\/\/posolstvalasky.sk\/wp-content\/uploads\/2020\/05\/Cruelty-Krutost-1cast.pdf\">More in English in PDF<\/a><\/strong>   <br><strong>CRUELTY&nbsp; &#8211; Part 2.<\/strong>   <strong><a href=\"https:\/\/posolstvalasky.sk\/wp-content\/uploads\/2020\/05\/Cruelty-Krutost-2cast.pdf\">More in English in PDF  <\/a><\/strong> <br><strong>CRUELTY&nbsp; &#8211; Part 3.<\/strong>    <strong><a href=\"https:\/\/posolstvalasky.sk\/wp-content\/uploads\/2020\/05\/Cruelty-Krutost-3cast.pdf\">More in English in PDF<\/a><\/strong>   <br><strong>CRUELTY&nbsp; &#8211; Part 4.<\/strong>    <strong><a href=\"https:\/\/posolstvalasky.sk\/wp-content\/uploads\/2020\/05\/Cruelty-Krutost-4cast.pdf\">More in English in PDF<\/a><\/strong>   <br><br><\/p>\n\n\n\n<p><br><br><\/p>\n\n\n\n<h3>   <\/h3>\n\n\n\n<p><\/p>\n","protected":false},"excerpt":{"rendered":"<p>THE PRAYER OF LOVE More in English in PDF LAW OF FREE WILL \u2013 Part 1. More in English in PDFLAW OF FREE WILL \u2013 part 2. More in English in PDF LAW OF KNOWLEDGE \u2013 Part 1. More in English in PDF LAW OF KNOWLEDGE \u2013 Part 2. More in English in PDF LAW [&hellip;]<\/p>\n","protected":false},"author":2,"featured_media":0,"parent":0,"menu_order":0,"comment_status":"closed","ping_status":"closed","template":"","meta":{"_mi_skip_tracking":false},"yoast_head":"<!-- This site is optimized with the Yoast SEO plugin v19.13 - https:\/\/yoast.com\/wordpress\/plugins\/seo\/ -->\n<title>MESSAGES IN ENGLISH - posolstv\u00e1 l\u00e1sky<\/title>\n<meta name=\"robots\" content=\"index, follow, max-snippet:-1, max-image-preview:large, max-video-preview:-1\" \/>\n<link rel=\"canonical\" href=\"https:\/\/posolstvalasky.sk\/?page_id=2049\" \/>\n<meta property=\"og:locale\" content=\"sk_SK\" \/>\n<meta property=\"og:type\" content=\"article\" \/>\n<meta property=\"og:title\" content=\"MESSAGES IN ENGLISH - posolstv\u00e1 l\u00e1sky\" \/>\n<meta property=\"og:description\" content=\"THE PRAYER OF LOVE More in English in PDF LAW OF FREE WILL \u2013 Part 1. More in English in PDFLAW OF FREE WILL \u2013 part 2. More in English in PDF LAW OF KNOWLEDGE \u2013 Part 1. More in English in PDF LAW OF KNOWLEDGE \u2013 Part 2. More in English in PDF LAW [&hellip;]\" \/>\n<meta property=\"og:url\" content=\"https:\/\/posolstvalasky.sk\/?page_id=2049\" \/>\n<meta property=\"og:site_name\" content=\"posolstv\u00e1 l\u00e1sky\" \/>\n<meta property=\"article:publisher\" content=\"https:\/\/www.facebook.com\/groups\/1114611919024304\/\" \/>\n<meta property=\"article:modified_time\" content=\"2020-05-31T22:48:46+00:00\" \/>\n<meta name=\"twitter:card\" content=\"summary_large_image\" \/>\n<meta name=\"twitter:label1\" content=\"Predpokladan\u00fd \u010das \u010d\u00edtania\" \/>\n\t<meta name=\"twitter:data1\" content=\"4 min\u00faty\" \/>\n<script type=\"application\/ld+json\" class=\"yoast-schema-graph\">{\"@context\":\"https:\/\/schema.org\",\"@graph\":[{\"@type\":\"WebPage\",\"@id\":\"https:\/\/posolstvalasky.sk\/?page_id=2049\",\"url\":\"https:\/\/posolstvalasky.sk\/?page_id=2049\",\"name\":\"MESSAGES IN ENGLISH - posolstv\u00e1 l\u00e1sky\",\"isPartOf\":{\"@id\":\"https:\/\/d.r1.wbsprt.com\/posolstvalasky.sk\/#website\"},\"datePublished\":\"2020-03-10T17:12:46+00:00\",\"dateModified\":\"2020-05-31T22:48:46+00:00\",\"breadcrumb\":{\"@id\":\"https:\/\/posolstvalasky.sk\/?page_id=2049#breadcrumb\"},\"inLanguage\":\"sk-SK\",\"potentialAction\":[{\"@type\":\"ReadAction\",\"target\":[\"https:\/\/posolstvalasky.sk\/?page_id=2049\"]}]},{\"@type\":\"BreadcrumbList\",\"@id\":\"https:\/\/posolstvalasky.sk\/?page_id=2049#breadcrumb\",\"itemListElement\":[{\"@type\":\"ListItem\",\"position\":1,\"name\":\"Home\",\"item\":\"https:\/\/d.r1.wbsprt.com\/posolstvalasky.sk\/\"},{\"@type\":\"ListItem\",\"position\":2,\"name\":\"MESSAGES IN ENGLISH\"}]},{\"@type\":\"WebSite\",\"@id\":\"https:\/\/d.r1.wbsprt.com\/posolstvalasky.sk\/#website\",\"url\":\"https:\/\/d.r1.wbsprt.com\/posolstvalasky.sk\/\",\"name\":\"posolstv\u00e1 l\u00e1sky\",\"description\":\"\",\"potentialAction\":[{\"@type\":\"SearchAction\",\"target\":{\"@type\":\"EntryPoint\",\"urlTemplate\":\"https:\/\/d.r1.wbsprt.com\/posolstvalasky.sk\/?s={search_term_string}\"},\"query-input\":\"required name=search_term_string\"}],\"inLanguage\":\"sk-SK\"}]}<\/script>\n<!-- \/ Yoast SEO plugin. -->","yoast_head_json":{"title":"MESSAGES IN ENGLISH - posolstv\u00e1 l\u00e1sky","robots":{"index":"index","follow":"follow","max-snippet":"max-snippet:-1","max-image-preview":"max-image-preview:large","max-video-preview":"max-video-preview:-1"},"canonical":"https:\/\/posolstvalasky.sk\/?page_id=2049","og_locale":"sk_SK","og_type":"article","og_title":"MESSAGES IN ENGLISH - posolstv\u00e1 l\u00e1sky","og_description":"THE PRAYER OF LOVE More in English in PDF LAW OF FREE WILL \u2013 Part 1. More in English in PDFLAW OF FREE WILL \u2013 part 2. More in English in PDF LAW OF KNOWLEDGE \u2013 Part 1. More in English in PDF LAW OF KNOWLEDGE \u2013 Part 2. More in English in PDF LAW [&hellip;]","og_url":"https:\/\/posolstvalasky.sk\/?page_id=2049","og_site_name":"posolstv\u00e1 l\u00e1sky","article_publisher":"https:\/\/www.facebook.com\/groups\/1114611919024304\/","article_modified_time":"2020-05-31T22:48:46+00:00","twitter_card":"summary_large_image","twitter_misc":{"Predpokladan\u00fd \u010das \u010d\u00edtania":"4 min\u00faty"},"schema":{"@context":"https:\/\/schema.org","@graph":[{"@type":"WebPage","@id":"https:\/\/posolstvalasky.sk\/?page_id=2049","url":"https:\/\/posolstvalasky.sk\/?page_id=2049","name":"MESSAGES IN ENGLISH - posolstv\u00e1 l\u00e1sky","isPartOf":{"@id":"https:\/\/d.r1.wbsprt.com\/posolstvalasky.sk\/#website"},"datePublished":"2020-03-10T17:12:46+00:00","dateModified":"2020-05-31T22:48:46+00:00","breadcrumb":{"@id":"https:\/\/posolstvalasky.sk\/?page_id=2049#breadcrumb"},"inLanguage":"sk-SK","potentialAction":[{"@type":"ReadAction","target":["https:\/\/posolstvalasky.sk\/?page_id=2049"]}]},{"@type":"BreadcrumbList","@id":"https:\/\/posolstvalasky.sk\/?page_id=2049#breadcrumb","itemListElement":[{"@type":"ListItem","position":1,"name":"Home","item":"https:\/\/d.r1.wbsprt.com\/posolstvalasky.sk\/"},{"@type":"ListItem","position":2,"name":"MESSAGES IN ENGLISH"}]},{"@type":"WebSite","@id":"https:\/\/d.r1.wbsprt.com\/posolstvalasky.sk\/#website","url":"https:\/\/d.r1.wbsprt.com\/posolstvalasky.sk\/","name":"posolstv\u00e1 l\u00e1sky","description":"","potentialAction":[{"@type":"SearchAction","target":{"@type":"EntryPoint","urlTemplate":"https:\/\/d.r1.wbsprt.com\/posolstvalasky.sk\/?s={search_term_string}"},"query-input":"required name=search_term_string"}],"inLanguage":"sk-SK"}]}},"_links":{"self":[{"href":"https:\/\/posolstvalasky.sk\/index.php?rest_route=\/wp\/v2\/pages\/2049"}],"collection":[{"href":"https:\/\/posolstvalasky.sk\/index.php?rest_route=\/wp\/v2\/pages"}],"about":[{"href":"https:\/\/posolstvalasky.sk\/index.php?rest_route=\/wp\/v2\/types\/page"}],"author":[{"embeddable":true,"href":"https:\/\/posolstvalasky.sk\/index.php?rest_route=\/wp\/v2\/users\/2"}],"replies":[{"embeddable":true,"href":"https:\/\/posolstvalasky.sk\/index.php?rest_route=%2Fwp%2Fv2%2Fcomments&post=2049"}],"version-history":[{"count":6,"href":"https:\/\/posolstvalasky.sk\/index.php?rest_route=\/wp\/v2\/pages\/2049\/revisions"}],"predecessor-version":[{"id":2351,"href":"https:\/\/posolstvalasky.sk\/index.php?rest_route=\/wp\/v2\/pages\/2049\/revisions\/2351"}],"wp:attachment":[{"href":"https:\/\/posolstvalasky.sk\/index.php?rest_route=%2Fwp%2Fv2%2Fmedia&parent=2049"}],"curies":[{"name":"wp","href":"https:\/\/api.w.org\/{rel}","templated":true}]}}