{"id":262,"date":"2017-09-22T23:41:20","date_gmt":"2017-09-22T21:41:20","guid":{"rendered":"http:\/\/posolstvalasky.sk\/?page_id=262"},"modified":"2022-03-03T12:18:18","modified_gmt":"2022-03-03T11:18:18","slug":"o-sebe","status":"publish","type":"page","link":"https:\/\/posolstvalasky.sk\/?page_id=262","title":{"rendered":"O SEBE \/ ABOUT ME"},"content":{"rendered":"<p>Vol\u00e1m sa Darina Balkov\u00e1 a som jedna z mnoh\u00fdch \u017eien, ktor\u00e9 sa rovnako ako ja stretli v svojom \u017eivote so sk\u00fasenos\u0165ou, \u017ee im diagnostikovali rakovinu prsn\u00edka. Stalo sa tak v roku 2009. <br \/>Na z\u00e1klade mojej vlastnej sk\u00fasenosti by som chcela poveda\u0165, \u017ee je d\u00f4le\u017eit\u00e9 opravi\u0165 heslo, alebo slogan, ktor\u00fd sa pou\u017e\u00edva v spojen\u00ed s touto chorobou a to, \u017e<span style=\"color: #000000;\">e \u201es rakovinou treba bojova\u0165\u201c. <\/span><br \/>Chcela by som ho pozmeni\u0165 na v\u00fdzvu <strong><span style=\"color: #0000ff;\">\u201erakovinu treba pochopi\u0165\u201c,<\/span> <\/strong>preto\u017ee a\u017e ke\u010f t\u00fato chorobu dok\u00e1\u017eeme pochopi\u0165 a prija\u0165 ju, m\u00f4\u017eeme ju vylie\u010di\u0165.<br \/><strong><em>&#8222;Pokra\u010dovanie cel\u00e9ho textu v prilo\u017eenom s\u00fabore PDF&#8220;<\/em><\/strong><\/p>\n<p><a href=\"https:\/\/posolstvalasky.sk\/wp-content\/uploads\/2020\/03\/O-sebe.pdf\"><strong><span style=\"color: #0000ff;\">Viac v slovenskom jazyku v PDF<\/span><\/strong><\/a><\/p>\n<p><strong><span style=\"color: #800080;\">ABOUT ME<\/span><\/strong><\/p>\n<p><a href=\"https:\/\/posolstvalasky.sk\/wp-content\/uploads\/2020\/03\/about-me-o-sebe.pdf\"><strong><span style=\"color: #800080;\">More in English in PDF<\/span><\/strong><\/a><\/p>\n\n\n<figure class=\"wp-block-image size-full\"><img loading=\"lazy\" width=\"768\" height=\"1024\" src=\"https:\/\/posolstvalasky.sk\/wp-content\/uploads\/2022\/03\/darina-s-magnoliou.jpg\" alt=\"\" class=\"wp-image-3713\" srcset=\"https:\/\/posolstvalasky.sk\/wp-content\/uploads\/2022\/03\/darina-s-magnoliou.jpg 768w, https:\/\/posolstvalasky.sk\/wp-content\/uploads\/2022\/03\/darina-s-magnoliou-225x300.jpg 225w, https:\/\/posolstvalasky.sk\/wp-content\/uploads\/2022\/03\/darina-s-magnoliou-1x1.jpg 1w\" sizes=\"(max-width: 768px) 100vw, 768px\" \/><\/figure>\n\n\n\n<p> <\/p>\n","protected":false},"excerpt":{"rendered":"<p>Vol\u00e1m sa Darina Balkov\u00e1 a som jedna z mnoh\u00fdch \u017eien, ktor\u00e9 sa rovnako ako ja stretli v svojom \u017eivote so sk\u00fasenos\u0165ou, \u017ee im diagnostikovali rakovinu prsn\u00edka. Stalo sa tak v roku 2009. Na z\u00e1klade mojej vlastnej sk\u00fasenosti by som chcela poveda\u0165, \u017ee je d\u00f4le\u017eit\u00e9 opravi\u0165 heslo, alebo slogan, ktor\u00fd sa pou\u017e\u00edva v spojen\u00ed s touto [&hellip;]<\/p>\n","protected":false},"author":2,"featured_media":0,"parent":0,"menu_order":0,"comment_status":"closed","ping_status":"closed","template":"","meta":{"_mi_skip_tracking":false},"yoast_head":"<!-- This site is optimized with the Yoast SEO plugin v19.13 - https:\/\/yoast.com\/wordpress\/plugins\/seo\/ -->\n<title>O SEBE \/ ABOUT ME - posolstv\u00e1 l\u00e1sky<\/title>\n<meta name=\"robots\" content=\"index, follow, max-snippet:-1, max-image-preview:large, max-video-preview:-1\" \/>\n<link rel=\"canonical\" href=\"https:\/\/d.r1.wbsprt.com\/posolstvalasky.sk\/?page_id=262\" \/>\n<meta property=\"og:locale\" content=\"sk_SK\" \/>\n<meta property=\"og:type\" content=\"article\" \/>\n<meta property=\"og:title\" content=\"O SEBE \/ ABOUT ME - posolstv\u00e1 l\u00e1sky\" \/>\n<meta property=\"og:description\" content=\"Vol\u00e1m sa Darina Balkov\u00e1 a som jedna z mnoh\u00fdch \u017eien, ktor\u00e9 sa rovnako ako ja stretli v svojom \u017eivote so sk\u00fasenos\u0165ou, \u017ee im diagnostikovali rakovinu prsn\u00edka. Stalo sa tak v roku 2009. Na z\u00e1klade mojej vlastnej sk\u00fasenosti by som chcela poveda\u0165, \u017ee je d\u00f4le\u017eit\u00e9 opravi\u0165 heslo, alebo slogan, ktor\u00fd sa pou\u017e\u00edva v spojen\u00ed s touto [&hellip;]\" \/>\n<meta property=\"og:url\" content=\"https:\/\/d.r1.wbsprt.com\/posolstvalasky.sk\/?page_id=262\" \/>\n<meta property=\"og:site_name\" content=\"posolstv\u00e1 l\u00e1sky\" \/>\n<meta property=\"article:publisher\" content=\"https:\/\/www.facebook.com\/groups\/1114611919024304\/\" \/>\n<meta property=\"article:modified_time\" content=\"2022-03-03T11:18:18+00:00\" \/>\n<meta property=\"og:image\" content=\"https:\/\/posolstvalasky.sk\/wp-content\/uploads\/2022\/03\/darina-s-magnoliou.jpg\" \/>\n<meta name=\"twitter:card\" content=\"summary_large_image\" \/>\n<meta name=\"twitter:label1\" content=\"Predpokladan\u00fd \u010das \u010d\u00edtania\" \/>\n\t<meta name=\"twitter:data1\" content=\"1 min\u00fata\" \/>\n<script type=\"application\/ld+json\" class=\"yoast-schema-graph\">{\"@context\":\"https:\/\/schema.org\",\"@graph\":[{\"@type\":\"WebPage\",\"@id\":\"https:\/\/d.r1.wbsprt.com\/posolstvalasky.sk\/?page_id=262\",\"url\":\"https:\/\/d.r1.wbsprt.com\/posolstvalasky.sk\/?page_id=262\",\"name\":\"O SEBE \/ ABOUT ME - posolstv\u00e1 l\u00e1sky\",\"isPartOf\":{\"@id\":\"https:\/\/posolstvalasky.sk\/#website\"},\"datePublished\":\"2017-09-22T21:41:20+00:00\",\"dateModified\":\"2022-03-03T11:18:18+00:00\",\"breadcrumb\":{\"@id\":\"https:\/\/d.r1.wbsprt.com\/posolstvalasky.sk\/?page_id=262#breadcrumb\"},\"inLanguage\":\"sk-SK\",\"potentialAction\":[{\"@type\":\"ReadAction\",\"target\":[\"https:\/\/d.r1.wbsprt.com\/posolstvalasky.sk\/?page_id=262\"]}]},{\"@type\":\"BreadcrumbList\",\"@id\":\"https:\/\/d.r1.wbsprt.com\/posolstvalasky.sk\/?page_id=262#breadcrumb\",\"itemListElement\":[{\"@type\":\"ListItem\",\"position\":1,\"name\":\"Home\",\"item\":\"https:\/\/posolstvalasky.sk\/\"},{\"@type\":\"ListItem\",\"position\":2,\"name\":\"O SEBE \/ ABOUT ME\"}]},{\"@type\":\"WebSite\",\"@id\":\"https:\/\/posolstvalasky.sk\/#website\",\"url\":\"https:\/\/posolstvalasky.sk\/\",\"name\":\"posolstv\u00e1 l\u00e1sky\",\"description\":\"\",\"potentialAction\":[{\"@type\":\"SearchAction\",\"target\":{\"@type\":\"EntryPoint\",\"urlTemplate\":\"https:\/\/posolstvalasky.sk\/?s={search_term_string}\"},\"query-input\":\"required name=search_term_string\"}],\"inLanguage\":\"sk-SK\"}]}<\/script>\n<!-- \/ Yoast SEO plugin. -->","yoast_head_json":{"title":"O SEBE \/ ABOUT ME - posolstv\u00e1 l\u00e1sky","robots":{"index":"index","follow":"follow","max-snippet":"max-snippet:-1","max-image-preview":"max-image-preview:large","max-video-preview":"max-video-preview:-1"},"canonical":"https:\/\/d.r1.wbsprt.com\/posolstvalasky.sk\/?page_id=262","og_locale":"sk_SK","og_type":"article","og_title":"O SEBE \/ ABOUT ME - posolstv\u00e1 l\u00e1sky","og_description":"Vol\u00e1m sa Darina Balkov\u00e1 a som jedna z mnoh\u00fdch \u017eien, ktor\u00e9 sa rovnako ako ja stretli v svojom \u017eivote so sk\u00fasenos\u0165ou, \u017ee im diagnostikovali rakovinu prsn\u00edka. Stalo sa tak v roku 2009. Na z\u00e1klade mojej vlastnej sk\u00fasenosti by som chcela poveda\u0165, \u017ee je d\u00f4le\u017eit\u00e9 opravi\u0165 heslo, alebo slogan, ktor\u00fd sa pou\u017e\u00edva v spojen\u00ed s touto [&hellip;]","og_url":"https:\/\/d.r1.wbsprt.com\/posolstvalasky.sk\/?page_id=262","og_site_name":"posolstv\u00e1 l\u00e1sky","article_publisher":"https:\/\/www.facebook.com\/groups\/1114611919024304\/","article_modified_time":"2022-03-03T11:18:18+00:00","og_image":[{"url":"https:\/\/posolstvalasky.sk\/wp-content\/uploads\/2022\/03\/darina-s-magnoliou.jpg"}],"twitter_card":"summary_large_image","twitter_misc":{"Predpokladan\u00fd \u010das \u010d\u00edtania":"1 min\u00fata"},"schema":{"@context":"https:\/\/schema.org","@graph":[{"@type":"WebPage","@id":"https:\/\/d.r1.wbsprt.com\/posolstvalasky.sk\/?page_id=262","url":"https:\/\/d.r1.wbsprt.com\/posolstvalasky.sk\/?page_id=262","name":"O SEBE \/ ABOUT ME - posolstv\u00e1 l\u00e1sky","isPartOf":{"@id":"https:\/\/posolstvalasky.sk\/#website"},"datePublished":"2017-09-22T21:41:20+00:00","dateModified":"2022-03-03T11:18:18+00:00","breadcrumb":{"@id":"https:\/\/d.r1.wbsprt.com\/posolstvalasky.sk\/?page_id=262#breadcrumb"},"inLanguage":"sk-SK","potentialAction":[{"@type":"ReadAction","target":["https:\/\/d.r1.wbsprt.com\/posolstvalasky.sk\/?page_id=262"]}]},{"@type":"BreadcrumbList","@id":"https:\/\/d.r1.wbsprt.com\/posolstvalasky.sk\/?page_id=262#breadcrumb","itemListElement":[{"@type":"ListItem","position":1,"name":"Home","item":"https:\/\/posolstvalasky.sk\/"},{"@type":"ListItem","position":2,"name":"O SEBE \/ ABOUT ME"}]},{"@type":"WebSite","@id":"https:\/\/posolstvalasky.sk\/#website","url":"https:\/\/posolstvalasky.sk\/","name":"posolstv\u00e1 l\u00e1sky","description":"","potentialAction":[{"@type":"SearchAction","target":{"@type":"EntryPoint","urlTemplate":"https:\/\/posolstvalasky.sk\/?s={search_term_string}"},"query-input":"required name=search_term_string"}],"inLanguage":"sk-SK"}]}},"_links":{"self":[{"href":"https:\/\/posolstvalasky.sk\/index.php?rest_route=\/wp\/v2\/pages\/262"}],"collection":[{"href":"https:\/\/posolstvalasky.sk\/index.php?rest_route=\/wp\/v2\/pages"}],"about":[{"href":"https:\/\/posolstvalasky.sk\/index.php?rest_route=\/wp\/v2\/types\/page"}],"author":[{"embeddable":true,"href":"https:\/\/posolstvalasky.sk\/index.php?rest_route=\/wp\/v2\/users\/2"}],"replies":[{"embeddable":true,"href":"https:\/\/posolstvalasky.sk\/index.php?rest_route=%2Fwp%2Fv2%2Fcomments&post=262"}],"version-history":[{"count":5,"href":"https:\/\/posolstvalasky.sk\/index.php?rest_route=\/wp\/v2\/pages\/262\/revisions"}],"predecessor-version":[{"id":3714,"href":"https:\/\/posolstvalasky.sk\/index.php?rest_route=\/wp\/v2\/pages\/262\/revisions\/3714"}],"wp:attachment":[{"href":"https:\/\/posolstvalasky.sk\/index.php?rest_route=%2Fwp%2Fv2%2Fmedia&parent=262"}],"curies":[{"name":"wp","href":"https:\/\/api.w.org\/{rel}","templated":true}]}}