{"id":5115,"date":"2024-04-15T20:59:36","date_gmt":"2024-04-15T18:59:36","guid":{"rendered":"https:\/\/posolstvalasky.sk\/?page_id=5115"},"modified":"2024-04-15T20:59:37","modified_gmt":"2024-04-15T18:59:37","slug":"priputanost-a-ziarlivost-1-cast","status":"publish","type":"page","link":"https:\/\/posolstvalasky.sk\/?page_id=5115","title":{"rendered":"Prip\u00fatanos\u0165 a \u017eiarlivos\u0165 &#8211; 1.\u010das\u0165"},"content":{"rendered":"\n<p><strong>Priepas\u0165, ktor\u00fa okolo seba \u013eudsk\u00e1 bytos\u0165 vytvor\u00ed vo svojom strachu,<\/strong> <strong>p\u00fdche obete, hneve a\u00a0bezmocnosti je \u017dIARLIVOS\u0164.<\/strong> <br><strong>T\u00fdm, \u017ee t\u00e1 priepas\u0165 \u017eiarlivosti je energeticky ve\u013emi hlbok\u00e1, tak sa \u013eudsk\u00e1 bytos\u0165 boj\u00ed kamko\u013evek pohn\u00fa\u0165. Z\u00e1rove\u0148 t\u00fa priepas\u0165 nedok\u00e1\u017ee preklen\u00fa\u0165, aby sa mohla pribl\u00ed\u017ei\u0165 k\u00a0bytosti, ktor\u00fa od seba touto priepas\u0165ou oddelila. A\u00a0ke\u010f k\u00a0nej t\u00e1 druh\u00e1 \u013eudsk\u00e1 bytos\u0165 vystiera ruky, aby jej pomohla, tak ona t\u00fa pomoc neprijme pr\u00e1ve preto, \u017ee nem\u00e1 v\u00a0sebe Vieru, \u017eeby dok\u00e1zala, t\u00fa\u00a0 priepas\u0165 preklen\u00fa\u0165.<\/strong> <br><strong>Most, ktor\u00fd by dok\u00e1zal t\u00fa priepas\u0165 \u017eiarlivosti preklen\u00fa\u0165 je L\u00c1SKA.<\/strong> <br><strong>Av\u0161ak pr\u00e1ve preto, \u017ee \u013eudsk\u00e1 bytos\u0165 stratila Vieru v\u00a0L\u00e1sku, nedok\u00e1\u017ee ten most postavi\u0165. Z\u00e1rove\u0148 ale v\u00a0tom svojom hneve, \u00a0neprijat\u00ed, p\u00fdche obete a\u00a0bezmocnosti vytvorila lan\u00e1, ktor\u00e9 vytvorila spleten\u00edm t\u00fdchto energi\u00ed, \u00a0do ktor\u00fdch potom zviazala \u013eudsk\u00fa bytos\u0165 na druhej strane priepasti, \u010d\u00edm ju k\u00a0sebe prip\u00fatala a\u00a0rovnako ako sebe samej aj tej druhej \u013eudskej bytosti zobrala slobodu.<\/strong> <br><strong><em>Pokra\u010dovanie cel\u00e9ho textu v prilo\u017eenom s\u00fabore &#8222;PDF&#8220;.<\/em><\/strong><\/p>\n\n\n\n<p>VIAC  v  &#8222;PDF&#8220;<\/p>\n\n\n\n<figure class=\"wp-block-image size-full\"><img loading=\"lazy\" width=\"1024\" height=\"768\" src=\"https:\/\/posolstvalasky.sk\/wp-content\/uploads\/2022\/04\/ruza-cervena.jpg\" alt=\"\" class=\"wp-image-4169\" srcset=\"https:\/\/posolstvalasky.sk\/wp-content\/uploads\/2022\/04\/ruza-cervena.jpg 1024w, https:\/\/posolstvalasky.sk\/wp-content\/uploads\/2022\/04\/ruza-cervena-300x225.jpg 300w, https:\/\/posolstvalasky.sk\/wp-content\/uploads\/2022\/04\/ruza-cervena-768x576.jpg 768w, https:\/\/posolstvalasky.sk\/wp-content\/uploads\/2022\/04\/ruza-cervena-1x1.jpg 1w\" sizes=\"(max-width: 1024px) 100vw, 1024px\" \/><\/figure>\n","protected":false},"excerpt":{"rendered":"<p>Priepas\u0165, ktor\u00fa okolo seba \u013eudsk\u00e1 bytos\u0165 vytvor\u00ed vo svojom strachu, p\u00fdche obete, hneve a\u00a0bezmocnosti je \u017dIARLIVOS\u0164. T\u00fdm, \u017ee t\u00e1 priepas\u0165 \u017eiarlivosti je energeticky ve\u013emi hlbok\u00e1, tak sa \u013eudsk\u00e1 bytos\u0165 boj\u00ed kamko\u013evek pohn\u00fa\u0165. Z\u00e1rove\u0148 t\u00fa priepas\u0165 nedok\u00e1\u017ee preklen\u00fa\u0165, aby sa mohla pribl\u00ed\u017ei\u0165 k\u00a0bytosti, ktor\u00fa od seba touto priepas\u0165ou oddelila. A\u00a0ke\u010f k\u00a0nej t\u00e1 druh\u00e1 \u013eudsk\u00e1 bytos\u0165 vystiera [&hellip;]<\/p>\n","protected":false},"author":2,"featured_media":0,"parent":0,"menu_order":0,"comment_status":"closed","ping_status":"closed","template":"","meta":{"_mi_skip_tracking":false},"yoast_head":"<!-- This site is optimized with the Yoast SEO plugin v19.13 - https:\/\/yoast.com\/wordpress\/plugins\/seo\/ -->\n<title>Prip\u00fatanos\u0165 a \u017eiarlivos\u0165 - 1.\u010das\u0165 - posolstv\u00e1 l\u00e1sky<\/title>\n<meta name=\"robots\" content=\"index, follow, max-snippet:-1, max-image-preview:large, max-video-preview:-1\" \/>\n<link rel=\"canonical\" href=\"https:\/\/posolstvalasky.sk\/?page_id=5115\" \/>\n<meta property=\"og:locale\" content=\"sk_SK\" \/>\n<meta property=\"og:type\" content=\"article\" \/>\n<meta property=\"og:title\" content=\"Prip\u00fatanos\u0165 a \u017eiarlivos\u0165 - 1.\u010das\u0165 - posolstv\u00e1 l\u00e1sky\" \/>\n<meta property=\"og:description\" content=\"Priepas\u0165, ktor\u00fa okolo seba \u013eudsk\u00e1 bytos\u0165 vytvor\u00ed vo svojom strachu, p\u00fdche obete, hneve a\u00a0bezmocnosti je \u017dIARLIVOS\u0164. T\u00fdm, \u017ee t\u00e1 priepas\u0165 \u017eiarlivosti je energeticky ve\u013emi hlbok\u00e1, tak sa \u013eudsk\u00e1 bytos\u0165 boj\u00ed kamko\u013evek pohn\u00fa\u0165. Z\u00e1rove\u0148 t\u00fa priepas\u0165 nedok\u00e1\u017ee preklen\u00fa\u0165, aby sa mohla pribl\u00ed\u017ei\u0165 k\u00a0bytosti, ktor\u00fa od seba touto priepas\u0165ou oddelila. A\u00a0ke\u010f k\u00a0nej t\u00e1 druh\u00e1 \u013eudsk\u00e1 bytos\u0165 vystiera [&hellip;]\" \/>\n<meta property=\"og:url\" content=\"https:\/\/posolstvalasky.sk\/?page_id=5115\" \/>\n<meta property=\"og:site_name\" content=\"posolstv\u00e1 l\u00e1sky\" \/>\n<meta property=\"article:publisher\" content=\"https:\/\/www.facebook.com\/groups\/1114611919024304\/\" \/>\n<meta property=\"article:modified_time\" content=\"2024-04-15T18:59:37+00:00\" \/>\n<meta property=\"og:image\" content=\"https:\/\/posolstvalasky.sk\/wp-content\/uploads\/2022\/04\/ruza-cervena.jpg\" \/>\n<meta name=\"twitter:card\" content=\"summary_large_image\" \/>\n<meta name=\"twitter:label1\" content=\"Predpokladan\u00fd \u010das \u010d\u00edtania\" \/>\n\t<meta name=\"twitter:data1\" content=\"2 min\u00faty\" \/>\n<script type=\"application\/ld+json\" class=\"yoast-schema-graph\">{\"@context\":\"https:\/\/schema.org\",\"@graph\":[{\"@type\":\"WebPage\",\"@id\":\"https:\/\/posolstvalasky.sk\/?page_id=5115\",\"url\":\"https:\/\/posolstvalasky.sk\/?page_id=5115\",\"name\":\"Prip\u00fatanos\u0165 a \u017eiarlivos\u0165 - 1.\u010das\u0165 - posolstv\u00e1 l\u00e1sky\",\"isPartOf\":{\"@id\":\"https:\/\/posolstvalasky.sk\/#website\"},\"datePublished\":\"2024-04-15T18:59:36+00:00\",\"dateModified\":\"2024-04-15T18:59:37+00:00\",\"breadcrumb\":{\"@id\":\"https:\/\/posolstvalasky.sk\/?page_id=5115#breadcrumb\"},\"inLanguage\":\"sk-SK\",\"potentialAction\":[{\"@type\":\"ReadAction\",\"target\":[\"https:\/\/posolstvalasky.sk\/?page_id=5115\"]}]},{\"@type\":\"BreadcrumbList\",\"@id\":\"https:\/\/posolstvalasky.sk\/?page_id=5115#breadcrumb\",\"itemListElement\":[{\"@type\":\"ListItem\",\"position\":1,\"name\":\"Home\",\"item\":\"https:\/\/posolstvalasky.sk\/\"},{\"@type\":\"ListItem\",\"position\":2,\"name\":\"Prip\u00fatanos\u0165 a \u017eiarlivos\u0165 &#8211; 1.\u010das\u0165\"}]},{\"@type\":\"WebSite\",\"@id\":\"https:\/\/posolstvalasky.sk\/#website\",\"url\":\"https:\/\/posolstvalasky.sk\/\",\"name\":\"posolstv\u00e1 l\u00e1sky\",\"description\":\"\",\"potentialAction\":[{\"@type\":\"SearchAction\",\"target\":{\"@type\":\"EntryPoint\",\"urlTemplate\":\"https:\/\/posolstvalasky.sk\/?s={search_term_string}\"},\"query-input\":\"required name=search_term_string\"}],\"inLanguage\":\"sk-SK\"}]}<\/script>\n<!-- \/ Yoast SEO plugin. -->","yoast_head_json":{"title":"Prip\u00fatanos\u0165 a \u017eiarlivos\u0165 - 1.\u010das\u0165 - posolstv\u00e1 l\u00e1sky","robots":{"index":"index","follow":"follow","max-snippet":"max-snippet:-1","max-image-preview":"max-image-preview:large","max-video-preview":"max-video-preview:-1"},"canonical":"https:\/\/posolstvalasky.sk\/?page_id=5115","og_locale":"sk_SK","og_type":"article","og_title":"Prip\u00fatanos\u0165 a \u017eiarlivos\u0165 - 1.\u010das\u0165 - posolstv\u00e1 l\u00e1sky","og_description":"Priepas\u0165, ktor\u00fa okolo seba \u013eudsk\u00e1 bytos\u0165 vytvor\u00ed vo svojom strachu, p\u00fdche obete, hneve a\u00a0bezmocnosti je \u017dIARLIVOS\u0164. T\u00fdm, \u017ee t\u00e1 priepas\u0165 \u017eiarlivosti je energeticky ve\u013emi hlbok\u00e1, tak sa \u013eudsk\u00e1 bytos\u0165 boj\u00ed kamko\u013evek pohn\u00fa\u0165. Z\u00e1rove\u0148 t\u00fa priepas\u0165 nedok\u00e1\u017ee preklen\u00fa\u0165, aby sa mohla pribl\u00ed\u017ei\u0165 k\u00a0bytosti, ktor\u00fa od seba touto priepas\u0165ou oddelila. A\u00a0ke\u010f k\u00a0nej t\u00e1 druh\u00e1 \u013eudsk\u00e1 bytos\u0165 vystiera [&hellip;]","og_url":"https:\/\/posolstvalasky.sk\/?page_id=5115","og_site_name":"posolstv\u00e1 l\u00e1sky","article_publisher":"https:\/\/www.facebook.com\/groups\/1114611919024304\/","article_modified_time":"2024-04-15T18:59:37+00:00","og_image":[{"url":"https:\/\/posolstvalasky.sk\/wp-content\/uploads\/2022\/04\/ruza-cervena.jpg"}],"twitter_card":"summary_large_image","twitter_misc":{"Predpokladan\u00fd \u010das \u010d\u00edtania":"2 min\u00faty"},"schema":{"@context":"https:\/\/schema.org","@graph":[{"@type":"WebPage","@id":"https:\/\/posolstvalasky.sk\/?page_id=5115","url":"https:\/\/posolstvalasky.sk\/?page_id=5115","name":"Prip\u00fatanos\u0165 a \u017eiarlivos\u0165 - 1.\u010das\u0165 - posolstv\u00e1 l\u00e1sky","isPartOf":{"@id":"https:\/\/posolstvalasky.sk\/#website"},"datePublished":"2024-04-15T18:59:36+00:00","dateModified":"2024-04-15T18:59:37+00:00","breadcrumb":{"@id":"https:\/\/posolstvalasky.sk\/?page_id=5115#breadcrumb"},"inLanguage":"sk-SK","potentialAction":[{"@type":"ReadAction","target":["https:\/\/posolstvalasky.sk\/?page_id=5115"]}]},{"@type":"BreadcrumbList","@id":"https:\/\/posolstvalasky.sk\/?page_id=5115#breadcrumb","itemListElement":[{"@type":"ListItem","position":1,"name":"Home","item":"https:\/\/posolstvalasky.sk\/"},{"@type":"ListItem","position":2,"name":"Prip\u00fatanos\u0165 a \u017eiarlivos\u0165 &#8211; 1.\u010das\u0165"}]},{"@type":"WebSite","@id":"https:\/\/posolstvalasky.sk\/#website","url":"https:\/\/posolstvalasky.sk\/","name":"posolstv\u00e1 l\u00e1sky","description":"","potentialAction":[{"@type":"SearchAction","target":{"@type":"EntryPoint","urlTemplate":"https:\/\/posolstvalasky.sk\/?s={search_term_string}"},"query-input":"required name=search_term_string"}],"inLanguage":"sk-SK"}]}},"_links":{"self":[{"href":"https:\/\/posolstvalasky.sk\/index.php?rest_route=\/wp\/v2\/pages\/5115"}],"collection":[{"href":"https:\/\/posolstvalasky.sk\/index.php?rest_route=\/wp\/v2\/pages"}],"about":[{"href":"https:\/\/posolstvalasky.sk\/index.php?rest_route=\/wp\/v2\/types\/page"}],"author":[{"embeddable":true,"href":"https:\/\/posolstvalasky.sk\/index.php?rest_route=\/wp\/v2\/users\/2"}],"replies":[{"embeddable":true,"href":"https:\/\/posolstvalasky.sk\/index.php?rest_route=%2Fwp%2Fv2%2Fcomments&post=5115"}],"version-history":[{"count":1,"href":"https:\/\/posolstvalasky.sk\/index.php?rest_route=\/wp\/v2\/pages\/5115\/revisions"}],"predecessor-version":[{"id":5116,"href":"https:\/\/posolstvalasky.sk\/index.php?rest_route=\/wp\/v2\/pages\/5115\/revisions\/5116"}],"wp:attachment":[{"href":"https:\/\/posolstvalasky.sk\/index.php?rest_route=%2Fwp%2Fv2%2Fmedia&parent=5115"}],"curies":[{"name":"wp","href":"https:\/\/api.w.org\/{rel}","templated":true}]}}