{"id":5199,"date":"2024-08-22T21:52:29","date_gmt":"2024-08-22T19:52:29","guid":{"rendered":"https:\/\/posolstvalasky.sk\/?page_id=5199"},"modified":"2024-08-22T22:04:14","modified_gmt":"2024-08-22T20:04:14","slug":"kniha-posolstva-lasky-5-cast-nevedome-vzorce-spravania","status":"publish","type":"page","link":"https:\/\/posolstvalasky.sk\/?page_id=5199","title":{"rendered":"KNIHA POSOLSTV\u00c1 L\u00c1SKY \u2013 5.\u010das\u0165 NEVEDOM\u00c9 VZORCE SPR\u00c1VANIA"},"content":{"rendered":"\n<p><strong>KNIHA POSOLSTV\u00c1 L\u00c1SKY \u2013 5. \u010das\u0165\u00a0NEVEDOM\u00c9 VZORCE SPR\u00c1VANIA<\/strong><\/p>\n\n\n\n<p><strong>Cena: 39,- \u20ac<\/strong>&nbsp;(+ po\u0161tovn\u00e9)<\/p>\n\n\n\n<figure class=\"wp-block-image size-large\"><img loading=\"lazy\" width=\"1024\" height=\"686\" src=\"https:\/\/posolstvalasky.sk\/wp-content\/uploads\/2024\/08\/Posolstva-lasky-5.cast-Nevedome-vzorce-spravania-1024x686.jpg\" alt=\"\" class=\"wp-image-5197\" srcset=\"https:\/\/posolstvalasky.sk\/wp-content\/uploads\/2024\/08\/Posolstva-lasky-5.cast-Nevedome-vzorce-spravania-1024x686.jpg 1024w, https:\/\/posolstvalasky.sk\/wp-content\/uploads\/2024\/08\/Posolstva-lasky-5.cast-Nevedome-vzorce-spravania-300x201.jpg 300w, https:\/\/posolstvalasky.sk\/wp-content\/uploads\/2024\/08\/Posolstva-lasky-5.cast-Nevedome-vzorce-spravania-768x515.jpg 768w, https:\/\/posolstvalasky.sk\/wp-content\/uploads\/2024\/08\/Posolstva-lasky-5.cast-Nevedome-vzorce-spravania-1536x1029.jpg 1536w, https:\/\/posolstvalasky.sk\/wp-content\/uploads\/2024\/08\/Posolstva-lasky-5.cast-Nevedome-vzorce-spravania-1x1.jpg 1w, https:\/\/posolstvalasky.sk\/wp-content\/uploads\/2024\/08\/Posolstva-lasky-5.cast-Nevedome-vzorce-spravania.jpg 1552w\" sizes=\"(max-width: 1024px) 100vw, 1024px\" \/><figcaption><strong>Kniha : Posolstv\u00e1 L\u00e1sky 5.\u010das\u0165 \u2013 NEVEDOM\u00c9 VZORCE SPR\u00c1VANIA<br><\/strong><br><strong>Objedna\u0165 knihu\u00a0<\/strong>si m\u00f4\u017eete tu:<br><a href=\"https:\/\/506688.myshoptet.com\/nevedome-vzorce-spravania\/\"><strong>https:\/\/506688.myshoptet.com\/nevedome-vzorce-spravania\/<\/strong><\/a><br>alebo prostredn\u00edctvom emailovej adresy:\u00a0<strong>posolstvalasky<\/strong>@anaela.com<br><br><strong>Nevedom\u00e9 vzorce spr\u00e1vania, ktor\u00e9 ovl\u00e1daj\u00fa na\u0161e spr\u00e1vanie a\u00a0ktor\u00e9\u00a0sme v\u00a0l\u00ednii \u010dasu svojho bytia mnoho kr\u00e1t pou\u017eili a\u00a0pod\u013ea ktor\u00fdch sme sa rozhodovali a konali, sa \u00a0hlboko zap\u00edsali nielen do energetick\u00fdch rov\u00edn na\u0161ej bytosti, ale stali sa s\u00fa\u010das\u0165ou\u00a0 pam\u00e4\u0165ovej stopy na\u0161ich buniek a\u00a0DNA.\u00a0<\/strong><br><strong>Preto je pre n\u00e1s potrebn\u00e9, aby sme porozumeli tomu, ak\u00fdm sp\u00f4sobom v\u00a0tej energetickej rovine nevedom\u00e9 vzorec spr\u00e1vania funguj\u00fa, aby sme ich potom svoj\u00edm pochopen\u00edm dok\u00e1zali rozpusti\u0165. Rozp\u00fa\u0161\u0165aj\u00fa sa vtedy, ke\u010f sa nau\u010d\u00edme a\u00a0dok\u00e1\u017eeme v\u00a0Pokore Odp\u00fa\u0161\u0165a\u0165 bez podmienok sebe sam\u00fdm a\u00a0z\u00e1rove\u0148 aj v\u0161etk\u00fdm ostatn\u00fdm, preto\u017ee vibr\u00e1cia bezpodmiene\u010dn\u00e9ho odpustenia v\u00a0pokore, dok\u00e1\u017ee nevedom\u00e9 vzorce spr\u00e1vania rozpusti\u0165 v na\u0161ej DNA a\u00a0v\u00a0pam\u00e4\u0165ovej stope na\u0161ich buniek.\u00a0<\/strong><\/figcaption><\/figure>\n","protected":false},"excerpt":{"rendered":"<p>KNIHA POSOLSTV\u00c1 L\u00c1SKY \u2013 5. \u010das\u0165\u00a0NEVEDOM\u00c9 VZORCE SPR\u00c1VANIA Cena: 39,- \u20ac&nbsp;(+ po\u0161tovn\u00e9)<\/p>\n","protected":false},"author":2,"featured_media":0,"parent":0,"menu_order":0,"comment_status":"closed","ping_status":"closed","template":"","meta":{"_mi_skip_tracking":false},"yoast_head":"<!-- This site is optimized with the Yoast SEO plugin v19.13 - https:\/\/yoast.com\/wordpress\/plugins\/seo\/ -->\n<title>KNIHA POSOLSTV\u00c1 L\u00c1SKY \u2013 5.\u010das\u0165 NEVEDOM\u00c9 VZORCE SPR\u00c1VANIA - posolstv\u00e1 l\u00e1sky<\/title>\n<meta name=\"robots\" content=\"index, follow, max-snippet:-1, max-image-preview:large, max-video-preview:-1\" \/>\n<link rel=\"canonical\" href=\"https:\/\/posolstvalasky.sk\/?page_id=5199\" \/>\n<meta property=\"og:locale\" content=\"sk_SK\" \/>\n<meta property=\"og:type\" content=\"article\" \/>\n<meta property=\"og:title\" content=\"KNIHA POSOLSTV\u00c1 L\u00c1SKY \u2013 5.\u010das\u0165 NEVEDOM\u00c9 VZORCE SPR\u00c1VANIA - posolstv\u00e1 l\u00e1sky\" \/>\n<meta property=\"og:description\" content=\"KNIHA POSOLSTV\u00c1 L\u00c1SKY \u2013 5. \u010das\u0165\u00a0NEVEDOM\u00c9 VZORCE SPR\u00c1VANIA Cena: 39,- \u20ac&nbsp;(+ po\u0161tovn\u00e9)\" \/>\n<meta property=\"og:url\" content=\"https:\/\/posolstvalasky.sk\/?page_id=5199\" \/>\n<meta property=\"og:site_name\" content=\"posolstv\u00e1 l\u00e1sky\" \/>\n<meta property=\"article:publisher\" content=\"https:\/\/www.facebook.com\/groups\/1114611919024304\/\" \/>\n<meta property=\"article:modified_time\" content=\"2024-08-22T20:04:14+00:00\" \/>\n<meta property=\"og:image\" content=\"https:\/\/posolstvalasky.sk\/wp-content\/uploads\/2024\/08\/Posolstva-lasky-5.cast-Nevedome-vzorce-spravania-1024x686.jpg\" \/>\n<meta name=\"twitter:card\" content=\"summary_large_image\" \/>\n<meta name=\"twitter:label1\" content=\"Predpokladan\u00fd \u010das \u010d\u00edtania\" \/>\n\t<meta name=\"twitter:data1\" content=\"1 min\u00fata\" \/>\n<script type=\"application\/ld+json\" class=\"yoast-schema-graph\">{\"@context\":\"https:\/\/schema.org\",\"@graph\":[{\"@type\":\"WebPage\",\"@id\":\"https:\/\/posolstvalasky.sk\/?page_id=5199\",\"url\":\"https:\/\/posolstvalasky.sk\/?page_id=5199\",\"name\":\"KNIHA POSOLSTV\u00c1 L\u00c1SKY \u2013 5.\u010das\u0165 NEVEDOM\u00c9 VZORCE SPR\u00c1VANIA - posolstv\u00e1 l\u00e1sky\",\"isPartOf\":{\"@id\":\"https:\/\/posolstvalasky.sk\/#website\"},\"datePublished\":\"2024-08-22T19:52:29+00:00\",\"dateModified\":\"2024-08-22T20:04:14+00:00\",\"breadcrumb\":{\"@id\":\"https:\/\/posolstvalasky.sk\/?page_id=5199#breadcrumb\"},\"inLanguage\":\"sk-SK\",\"potentialAction\":[{\"@type\":\"ReadAction\",\"target\":[\"https:\/\/posolstvalasky.sk\/?page_id=5199\"]}]},{\"@type\":\"BreadcrumbList\",\"@id\":\"https:\/\/posolstvalasky.sk\/?page_id=5199#breadcrumb\",\"itemListElement\":[{\"@type\":\"ListItem\",\"position\":1,\"name\":\"Home\",\"item\":\"https:\/\/posolstvalasky.sk\/\"},{\"@type\":\"ListItem\",\"position\":2,\"name\":\"KNIHA POSOLSTV\u00c1 L\u00c1SKY \u2013 5.\u010das\u0165 NEVEDOM\u00c9 VZORCE SPR\u00c1VANIA\"}]},{\"@type\":\"WebSite\",\"@id\":\"https:\/\/posolstvalasky.sk\/#website\",\"url\":\"https:\/\/posolstvalasky.sk\/\",\"name\":\"posolstv\u00e1 l\u00e1sky\",\"description\":\"\",\"potentialAction\":[{\"@type\":\"SearchAction\",\"target\":{\"@type\":\"EntryPoint\",\"urlTemplate\":\"https:\/\/posolstvalasky.sk\/?s={search_term_string}\"},\"query-input\":\"required name=search_term_string\"}],\"inLanguage\":\"sk-SK\"}]}<\/script>\n<!-- \/ Yoast SEO plugin. -->","yoast_head_json":{"title":"KNIHA POSOLSTV\u00c1 L\u00c1SKY \u2013 5.\u010das\u0165 NEVEDOM\u00c9 VZORCE SPR\u00c1VANIA - posolstv\u00e1 l\u00e1sky","robots":{"index":"index","follow":"follow","max-snippet":"max-snippet:-1","max-image-preview":"max-image-preview:large","max-video-preview":"max-video-preview:-1"},"canonical":"https:\/\/posolstvalasky.sk\/?page_id=5199","og_locale":"sk_SK","og_type":"article","og_title":"KNIHA POSOLSTV\u00c1 L\u00c1SKY \u2013 5.\u010das\u0165 NEVEDOM\u00c9 VZORCE SPR\u00c1VANIA - posolstv\u00e1 l\u00e1sky","og_description":"KNIHA POSOLSTV\u00c1 L\u00c1SKY \u2013 5. \u010das\u0165\u00a0NEVEDOM\u00c9 VZORCE SPR\u00c1VANIA Cena: 39,- \u20ac&nbsp;(+ po\u0161tovn\u00e9)","og_url":"https:\/\/posolstvalasky.sk\/?page_id=5199","og_site_name":"posolstv\u00e1 l\u00e1sky","article_publisher":"https:\/\/www.facebook.com\/groups\/1114611919024304\/","article_modified_time":"2024-08-22T20:04:14+00:00","og_image":[{"url":"https:\/\/posolstvalasky.sk\/wp-content\/uploads\/2024\/08\/Posolstva-lasky-5.cast-Nevedome-vzorce-spravania-1024x686.jpg"}],"twitter_card":"summary_large_image","twitter_misc":{"Predpokladan\u00fd \u010das \u010d\u00edtania":"1 min\u00fata"},"schema":{"@context":"https:\/\/schema.org","@graph":[{"@type":"WebPage","@id":"https:\/\/posolstvalasky.sk\/?page_id=5199","url":"https:\/\/posolstvalasky.sk\/?page_id=5199","name":"KNIHA POSOLSTV\u00c1 L\u00c1SKY \u2013 5.\u010das\u0165 NEVEDOM\u00c9 VZORCE SPR\u00c1VANIA - posolstv\u00e1 l\u00e1sky","isPartOf":{"@id":"https:\/\/posolstvalasky.sk\/#website"},"datePublished":"2024-08-22T19:52:29+00:00","dateModified":"2024-08-22T20:04:14+00:00","breadcrumb":{"@id":"https:\/\/posolstvalasky.sk\/?page_id=5199#breadcrumb"},"inLanguage":"sk-SK","potentialAction":[{"@type":"ReadAction","target":["https:\/\/posolstvalasky.sk\/?page_id=5199"]}]},{"@type":"BreadcrumbList","@id":"https:\/\/posolstvalasky.sk\/?page_id=5199#breadcrumb","itemListElement":[{"@type":"ListItem","position":1,"name":"Home","item":"https:\/\/posolstvalasky.sk\/"},{"@type":"ListItem","position":2,"name":"KNIHA POSOLSTV\u00c1 L\u00c1SKY \u2013 5.\u010das\u0165 NEVEDOM\u00c9 VZORCE SPR\u00c1VANIA"}]},{"@type":"WebSite","@id":"https:\/\/posolstvalasky.sk\/#website","url":"https:\/\/posolstvalasky.sk\/","name":"posolstv\u00e1 l\u00e1sky","description":"","potentialAction":[{"@type":"SearchAction","target":{"@type":"EntryPoint","urlTemplate":"https:\/\/posolstvalasky.sk\/?s={search_term_string}"},"query-input":"required name=search_term_string"}],"inLanguage":"sk-SK"}]}},"_links":{"self":[{"href":"https:\/\/posolstvalasky.sk\/index.php?rest_route=\/wp\/v2\/pages\/5199"}],"collection":[{"href":"https:\/\/posolstvalasky.sk\/index.php?rest_route=\/wp\/v2\/pages"}],"about":[{"href":"https:\/\/posolstvalasky.sk\/index.php?rest_route=\/wp\/v2\/types\/page"}],"author":[{"embeddable":true,"href":"https:\/\/posolstvalasky.sk\/index.php?rest_route=\/wp\/v2\/users\/2"}],"replies":[{"embeddable":true,"href":"https:\/\/posolstvalasky.sk\/index.php?rest_route=%2Fwp%2Fv2%2Fcomments&post=5199"}],"version-history":[{"count":2,"href":"https:\/\/posolstvalasky.sk\/index.php?rest_route=\/wp\/v2\/pages\/5199\/revisions"}],"predecessor-version":[{"id":5212,"href":"https:\/\/posolstvalasky.sk\/index.php?rest_route=\/wp\/v2\/pages\/5199\/revisions\/5212"}],"wp:attachment":[{"href":"https:\/\/posolstvalasky.sk\/index.php?rest_route=%2Fwp%2Fv2%2Fmedia&parent=5199"}],"curies":[{"name":"wp","href":"https:\/\/api.w.org\/{rel}","templated":true}]}}