{"id":690,"date":"2017-10-23T00:05:32","date_gmt":"2017-10-22T22:05:32","guid":{"rendered":"http:\/\/posolstvalasky.sk\/?page_id=690"},"modified":"2022-03-27T21:07:31","modified_gmt":"2022-03-27T19:07:31","slug":"modlitba-lasky","status":"publish","type":"page","link":"https:\/\/posolstvalasky.sk\/?page_id=690","title":{"rendered":"Modlitba L\u00e1sky"},"content":{"rendered":"<p><strong>&nbsp;<\/strong><strong>Milovan\u00fd Bo\u017ee &#8211; &nbsp;MATKA a OTEC , ktor\u00fd si ulo\u017een\u00fd v&nbsp;mojom srdci&nbsp;<\/strong><strong style=\"font-size: 14px;\">a&nbsp;ktor\u00fd si mojou s\u00fa\u010das\u0165ou,<br>rovnako ako ja Tvojou.<br><\/strong><strong> Posv\u00e4\u0165 sa L\u00e1skou meno Tvoje, pr\u00ed\u010f Kr\u00e1\u013eovstvo L\u00e1sky Tvojej.<br><\/strong><strong>Bu\u010f v\u00f4\u013ea Tvoja, ako v Nebi, tak i na Zemi, tak i vo vn\u00fatri Zeme, tak i v&nbsp;celom Stvoren\u00ed a tak i&nbsp;vo mne,<br>bu\u010f v\u00f4\u013ea Tvoja.<br><\/strong><strong>Bu\u010f v\u00f4\u013ea Tvoja, v\u00f4\u013ea&nbsp; L\u00e1sky a &nbsp;Harm\u00f3nie bytia v&nbsp;Milosti, Jednote, &nbsp;Rovnocennosti medzi v\u0161etk\u00fdmi<br>bytos\u0165ami a v \u00dacte k \u017divotu na Matke Zemi.<br><\/strong><strong>S&nbsp;L\u00e1skou prij\u00edmam a&nbsp;\u010fakujem za chlieb m\u00f4j ka\u017edodenn\u00fd a&nbsp;pokorne pros\u00edm za chlieb, ktor\u00fdm ma<br>denne po\u017eehn\u00e1va\u0161.<br><\/strong><strong>S prosbou a v\u010fa\u010dnos\u0165ou v&nbsp;mojom srdci prij\u00edmam milosrdenstvo, s&nbsp;ktor\u00fdm odp\u00fa\u0161\u0165a\u0161 moje viny.<br><\/strong><strong>S prosbou a v\u010fa\u010dnos\u0165ou v&nbsp;mojom srdci prij\u00edmam, \u017ee ma s L\u00e1skou u\u010d\u00ed\u0161 odp\u00fa\u0161\u0165a\u0165 a&nbsp;ja v&nbsp;L\u00e1ske<br>odp\u00fa\u0161\u0165am&nbsp; v\u0161etk\u00fdm t\u00fdm, ktor\u00fd sa proti mne previ\u0148uj\u00fa.<br><\/strong><strong>S prosbou a v\u010fa\u010dnos\u0165ou v&nbsp;mojom srdci prij\u00edmam, \u017ee ma s L\u00e1skou u\u010d\u00ed\u0161 odp\u00fa\u0161\u0165a\u0165, milova\u0165 a&nbsp;prij\u00edma\u0165<br>sam\u00fa seba\/ sam\u00e9ho seba, bez podmienok.<br><\/strong><strong>S prosbou a v\u010fa\u010dnos\u0165ou v&nbsp;mojom srdci prij\u00edmam, \u017ee &nbsp;L\u00e1skou Tvojou som zbaven\u00e1\/\u00fd od v\u0161etk\u00fdch<br>negat\u00edvnych n\u00e1nosov bolest\u00ed, neodpusten\u00ed a&nbsp;pocitov v\u00edn, vytvoren\u00fdch a &nbsp;ulo\u017een\u00fdch v&nbsp;mojom srdci<br>v&nbsp;celej l\u00ednii \u010dasu.<br><\/strong><strong>S L\u00e1skou prij\u00edmam a&nbsp;\u010fakujem, \u017ee ma s&nbsp;L\u00e1skou sprev\u00e1dza\u0161 a&nbsp;pokorne pros\u00edm, prev\u00e1dzaj ma<br>svojou L\u00e1skou cez v\u0161etky moje poku\u0161enia.<br><\/strong><strong>\u010eakujem za ka\u017ed\u00fa noc,&nbsp; v ktorej \u0164a pros\u00edm o odpo\u010dinok a \u010fakujem i&nbsp;za ka\u017ed\u00fd &nbsp;de\u0148, do ktor\u00e9ho<br>sa zob\u00fadzam, v ktorom \u0164a pros\u00edm o ochranu, m\u00fadros\u0165 i&nbsp;poznanie, ktor\u00e9 s l\u00e1skou v\u010fa\u010dne prij\u00edmam.<br><\/strong><strong>S hlbokou \u00factou, pokorou a v\u010fa\u010dnos\u0165ou \u010fakujem, s l\u00e1skou prij\u00edmam a pros\u00edm za zdravie m\u00f4jho tela,<br>du\u0161e a ducha.<br><\/strong><strong>Nech Tvoje kr\u00e1\u013eovstvo L\u00e1sky je ve\u010dn\u00e9 naveky,&nbsp;ako v Nebi, tak i na Zemi, tak i vo vn\u00fatri Zeme,<br>tak i v&nbsp;celom Stvoren\u00ed a tak i&nbsp;vo mne.<br><\/strong><strong>Milovan\u00e1 Matka Zem, v t\u00fato chv\u00ed\u013eu sa zla\u010fujem s tvojou energiou l\u00e1sky, milosti a&nbsp;hojnosti,<br>ktor\u00fa v hlbokej v\u010fa\u010dnosti prij\u00edmam, v \u00facte \u010fakujem a z\u00e1rove\u0148 o \u0148u pros\u00edm.<br><\/strong><strong>Amen.<\/strong><\/p>\n\n\n<figure class=\"wp-block-image size-large\"><img loading=\"lazy\" width=\"768\" height=\"1024\" src=\"https:\/\/posolstvalasky.sk\/wp-content\/uploads\/2022\/03\/Kniha-Posolstva-Lasky-I.cast_.-Vesmirne-Zakony-a-Modlitba-Lasky-768x1024.jpg\" alt=\"\" class=\"wp-image-4126\" srcset=\"https:\/\/posolstvalasky.sk\/wp-content\/uploads\/2022\/03\/Kniha-Posolstva-Lasky-I.cast_.-Vesmirne-Zakony-a-Modlitba-Lasky-768x1024.jpg 768w, https:\/\/posolstvalasky.sk\/wp-content\/uploads\/2022\/03\/Kniha-Posolstva-Lasky-I.cast_.-Vesmirne-Zakony-a-Modlitba-Lasky-225x300.jpg 225w, https:\/\/posolstvalasky.sk\/wp-content\/uploads\/2022\/03\/Kniha-Posolstva-Lasky-I.cast_.-Vesmirne-Zakony-a-Modlitba-Lasky-1152x1536.jpg 1152w, https:\/\/posolstvalasky.sk\/wp-content\/uploads\/2022\/03\/Kniha-Posolstva-Lasky-I.cast_.-Vesmirne-Zakony-a-Modlitba-Lasky-1x1.jpg 1w, https:\/\/posolstvalasky.sk\/wp-content\/uploads\/2022\/03\/Kniha-Posolstva-Lasky-I.cast_.-Vesmirne-Zakony-a-Modlitba-Lasky.jpg 1200w\" sizes=\"(max-width: 768px) 100vw, 768px\" \/><figcaption><strong>Modlitba L\u00e1sky v knihe Posolstv\u00e1 L\u00e1sky I. \u010das\u0165 &#8211; Vesm\u00edrne z\u00e1kony<\/strong><\/figcaption><\/figure>\n\n\n\n<figure class=\"wp-block-image size-full is-resized\"><img loading=\"lazy\" src=\"https:\/\/posolstvalasky.sk\/wp-content\/uploads\/2021\/10\/kytica-bielych-ruzi.jpg\" alt=\"\" class=\"wp-image-3279\" width=\"785\" height=\"894\" srcset=\"https:\/\/posolstvalasky.sk\/wp-content\/uploads\/2021\/10\/kytica-bielych-ruzi.jpg 545w, https:\/\/posolstvalasky.sk\/wp-content\/uploads\/2021\/10\/kytica-bielych-ruzi-263x300.jpg 263w, https:\/\/posolstvalasky.sk\/wp-content\/uploads\/2021\/10\/kytica-bielych-ruzi-1x1.jpg 1w\" sizes=\"(max-width: 785px) 100vw, 785px\" \/><\/figure>\n\n\n\n<figure class=\"wp-block-image size-large is-resized\"><img loading=\"lazy\" src=\"https:\/\/posolstvalasky.sk\/wp-content\/uploads\/2022\/03\/Modlitba-Lasky-samostatna-725x1024.jpg\" alt=\"\" class=\"wp-image-4105\" width=\"780\" height=\"1102\" srcset=\"https:\/\/posolstvalasky.sk\/wp-content\/uploads\/2022\/03\/Modlitba-Lasky-samostatna-725x1024.jpg 725w, https:\/\/posolstvalasky.sk\/wp-content\/uploads\/2022\/03\/Modlitba-Lasky-samostatna-212x300.jpg 212w, https:\/\/posolstvalasky.sk\/wp-content\/uploads\/2022\/03\/Modlitba-Lasky-samostatna-768x1085.jpg 768w, https:\/\/posolstvalasky.sk\/wp-content\/uploads\/2022\/03\/Modlitba-Lasky-samostatna-1087x1536.jpg 1087w, https:\/\/posolstvalasky.sk\/wp-content\/uploads\/2022\/03\/Modlitba-Lasky-samostatna-1x1.jpg 1w, https:\/\/posolstvalasky.sk\/wp-content\/uploads\/2022\/03\/Modlitba-Lasky-samostatna.jpg 1241w\" sizes=\"(max-width: 780px) 100vw, 780px\" \/><figcaption>Modlitba  L\u00e1sky z knihy Posolstv\u00e1 L\u00e1sky II. \u010das\u0165 &#8211; Vy\u0161\u0161ie princ\u00edpy vesm\u00edrnych z\u00e1konov<\/figcaption><\/figure>\n\n\n\n<figure class=\"wp-block-image size-full is-resized\"><img loading=\"lazy\" src=\"https:\/\/posolstvalasky.sk\/wp-content\/uploads\/2021\/12\/ruza-zlta-s-ruzovym-okrajom.jpg\" alt=\"\" class=\"wp-image-3570\" width=\"784\" height=\"840\" srcset=\"https:\/\/posolstvalasky.sk\/wp-content\/uploads\/2021\/12\/ruza-zlta-s-ruzovym-okrajom.jpg 543w, https:\/\/posolstvalasky.sk\/wp-content\/uploads\/2021\/12\/ruza-zlta-s-ruzovym-okrajom-280x300.jpg 280w, https:\/\/posolstvalasky.sk\/wp-content\/uploads\/2021\/12\/ruza-zlta-s-ruzovym-okrajom-1x1.jpg 1w\" sizes=\"(max-width: 784px) 100vw, 784px\" \/><\/figure>\n","protected":false},"excerpt":{"rendered":"<p>&nbsp;Milovan\u00fd Bo\u017ee &#8211; &nbsp;MATKA a OTEC , ktor\u00fd si ulo\u017een\u00fd v&nbsp;mojom srdci&nbsp;a&nbsp;ktor\u00fd si mojou s\u00fa\u010das\u0165ou,rovnako ako ja Tvojou. Posv\u00e4\u0165 sa L\u00e1skou meno Tvoje, pr\u00ed\u010f Kr\u00e1\u013eovstvo L\u00e1sky Tvojej.Bu\u010f v\u00f4\u013ea Tvoja, ako v Nebi, tak i na Zemi, tak i vo vn\u00fatri Zeme, tak i v&nbsp;celom Stvoren\u00ed a tak i&nbsp;vo mne,bu\u010f v\u00f4\u013ea Tvoja.Bu\u010f v\u00f4\u013ea Tvoja, v\u00f4\u013ea&nbsp; L\u00e1sky [&hellip;]<\/p>\n","protected":false},"author":2,"featured_media":0,"parent":0,"menu_order":0,"comment_status":"closed","ping_status":"closed","template":"","meta":{"_mi_skip_tracking":false},"yoast_head":"<!-- This site is optimized with the Yoast SEO plugin v19.13 - https:\/\/yoast.com\/wordpress\/plugins\/seo\/ -->\n<title>Modlitba L\u00e1sky - posolstv\u00e1 l\u00e1sky<\/title>\n<meta name=\"robots\" content=\"index, follow, max-snippet:-1, max-image-preview:large, max-video-preview:-1\" \/>\n<link rel=\"canonical\" href=\"https:\/\/posolstvalasky.sk\/?page_id=690\" \/>\n<meta property=\"og:locale\" content=\"sk_SK\" \/>\n<meta property=\"og:type\" content=\"article\" \/>\n<meta property=\"og:title\" content=\"Modlitba L\u00e1sky - posolstv\u00e1 l\u00e1sky\" \/>\n<meta property=\"og:description\" content=\"&nbsp;Milovan\u00fd Bo\u017ee &#8211; &nbsp;MATKA a OTEC , ktor\u00fd si ulo\u017een\u00fd v&nbsp;mojom srdci&nbsp;a&nbsp;ktor\u00fd si mojou s\u00fa\u010das\u0165ou,rovnako ako ja Tvojou. Posv\u00e4\u0165 sa L\u00e1skou meno Tvoje, pr\u00ed\u010f Kr\u00e1\u013eovstvo L\u00e1sky Tvojej.Bu\u010f v\u00f4\u013ea Tvoja, ako v Nebi, tak i na Zemi, tak i vo vn\u00fatri Zeme, tak i v&nbsp;celom Stvoren\u00ed a tak i&nbsp;vo mne,bu\u010f v\u00f4\u013ea Tvoja.Bu\u010f v\u00f4\u013ea Tvoja, v\u00f4\u013ea&nbsp; L\u00e1sky [&hellip;]\" \/>\n<meta property=\"og:url\" content=\"https:\/\/posolstvalasky.sk\/?page_id=690\" \/>\n<meta property=\"og:site_name\" content=\"posolstv\u00e1 l\u00e1sky\" \/>\n<meta property=\"article:publisher\" content=\"https:\/\/www.facebook.com\/groups\/1114611919024304\/\" \/>\n<meta property=\"article:modified_time\" content=\"2022-03-27T19:07:31+00:00\" \/>\n<meta property=\"og:image\" content=\"https:\/\/posolstvalasky.sk\/wp-content\/uploads\/2022\/03\/Kniha-Posolstva-Lasky-I.cast_.-Vesmirne-Zakony-a-Modlitba-Lasky-768x1024.jpg\" \/>\n<meta name=\"twitter:card\" content=\"summary_large_image\" \/>\n<meta name=\"twitter:label1\" content=\"Predpokladan\u00fd \u010das \u010d\u00edtania\" \/>\n\t<meta name=\"twitter:data1\" content=\"3 min\u00faty\" \/>\n<script type=\"application\/ld+json\" class=\"yoast-schema-graph\">{\"@context\":\"https:\/\/schema.org\",\"@graph\":[{\"@type\":\"WebPage\",\"@id\":\"https:\/\/posolstvalasky.sk\/?page_id=690\",\"url\":\"https:\/\/posolstvalasky.sk\/?page_id=690\",\"name\":\"Modlitba L\u00e1sky - posolstv\u00e1 l\u00e1sky\",\"isPartOf\":{\"@id\":\"https:\/\/posolstvalasky.sk\/#website\"},\"datePublished\":\"2017-10-22T22:05:32+00:00\",\"dateModified\":\"2022-03-27T19:07:31+00:00\",\"breadcrumb\":{\"@id\":\"https:\/\/posolstvalasky.sk\/?page_id=690#breadcrumb\"},\"inLanguage\":\"sk-SK\",\"potentialAction\":[{\"@type\":\"ReadAction\",\"target\":[\"https:\/\/posolstvalasky.sk\/?page_id=690\"]}]},{\"@type\":\"BreadcrumbList\",\"@id\":\"https:\/\/posolstvalasky.sk\/?page_id=690#breadcrumb\",\"itemListElement\":[{\"@type\":\"ListItem\",\"position\":1,\"name\":\"Home\",\"item\":\"https:\/\/posolstvalasky.sk\/\"},{\"@type\":\"ListItem\",\"position\":2,\"name\":\"Modlitba L\u00e1sky\"}]},{\"@type\":\"WebSite\",\"@id\":\"https:\/\/posolstvalasky.sk\/#website\",\"url\":\"https:\/\/posolstvalasky.sk\/\",\"name\":\"posolstv\u00e1 l\u00e1sky\",\"description\":\"\",\"potentialAction\":[{\"@type\":\"SearchAction\",\"target\":{\"@type\":\"EntryPoint\",\"urlTemplate\":\"https:\/\/posolstvalasky.sk\/?s={search_term_string}\"},\"query-input\":\"required name=search_term_string\"}],\"inLanguage\":\"sk-SK\"}]}<\/script>\n<!-- \/ Yoast SEO plugin. -->","yoast_head_json":{"title":"Modlitba L\u00e1sky - posolstv\u00e1 l\u00e1sky","robots":{"index":"index","follow":"follow","max-snippet":"max-snippet:-1","max-image-preview":"max-image-preview:large","max-video-preview":"max-video-preview:-1"},"canonical":"https:\/\/posolstvalasky.sk\/?page_id=690","og_locale":"sk_SK","og_type":"article","og_title":"Modlitba L\u00e1sky - posolstv\u00e1 l\u00e1sky","og_description":"&nbsp;Milovan\u00fd Bo\u017ee &#8211; &nbsp;MATKA a OTEC , ktor\u00fd si ulo\u017een\u00fd v&nbsp;mojom srdci&nbsp;a&nbsp;ktor\u00fd si mojou s\u00fa\u010das\u0165ou,rovnako ako ja Tvojou. Posv\u00e4\u0165 sa L\u00e1skou meno Tvoje, pr\u00ed\u010f Kr\u00e1\u013eovstvo L\u00e1sky Tvojej.Bu\u010f v\u00f4\u013ea Tvoja, ako v Nebi, tak i na Zemi, tak i vo vn\u00fatri Zeme, tak i v&nbsp;celom Stvoren\u00ed a tak i&nbsp;vo mne,bu\u010f v\u00f4\u013ea Tvoja.Bu\u010f v\u00f4\u013ea Tvoja, v\u00f4\u013ea&nbsp; L\u00e1sky [&hellip;]","og_url":"https:\/\/posolstvalasky.sk\/?page_id=690","og_site_name":"posolstv\u00e1 l\u00e1sky","article_publisher":"https:\/\/www.facebook.com\/groups\/1114611919024304\/","article_modified_time":"2022-03-27T19:07:31+00:00","og_image":[{"url":"https:\/\/posolstvalasky.sk\/wp-content\/uploads\/2022\/03\/Kniha-Posolstva-Lasky-I.cast_.-Vesmirne-Zakony-a-Modlitba-Lasky-768x1024.jpg"}],"twitter_card":"summary_large_image","twitter_misc":{"Predpokladan\u00fd \u010das \u010d\u00edtania":"3 min\u00faty"},"schema":{"@context":"https:\/\/schema.org","@graph":[{"@type":"WebPage","@id":"https:\/\/posolstvalasky.sk\/?page_id=690","url":"https:\/\/posolstvalasky.sk\/?page_id=690","name":"Modlitba L\u00e1sky - posolstv\u00e1 l\u00e1sky","isPartOf":{"@id":"https:\/\/posolstvalasky.sk\/#website"},"datePublished":"2017-10-22T22:05:32+00:00","dateModified":"2022-03-27T19:07:31+00:00","breadcrumb":{"@id":"https:\/\/posolstvalasky.sk\/?page_id=690#breadcrumb"},"inLanguage":"sk-SK","potentialAction":[{"@type":"ReadAction","target":["https:\/\/posolstvalasky.sk\/?page_id=690"]}]},{"@type":"BreadcrumbList","@id":"https:\/\/posolstvalasky.sk\/?page_id=690#breadcrumb","itemListElement":[{"@type":"ListItem","position":1,"name":"Home","item":"https:\/\/posolstvalasky.sk\/"},{"@type":"ListItem","position":2,"name":"Modlitba L\u00e1sky"}]},{"@type":"WebSite","@id":"https:\/\/posolstvalasky.sk\/#website","url":"https:\/\/posolstvalasky.sk\/","name":"posolstv\u00e1 l\u00e1sky","description":"","potentialAction":[{"@type":"SearchAction","target":{"@type":"EntryPoint","urlTemplate":"https:\/\/posolstvalasky.sk\/?s={search_term_string}"},"query-input":"required name=search_term_string"}],"inLanguage":"sk-SK"}]}},"_links":{"self":[{"href":"https:\/\/posolstvalasky.sk\/index.php?rest_route=\/wp\/v2\/pages\/690"}],"collection":[{"href":"https:\/\/posolstvalasky.sk\/index.php?rest_route=\/wp\/v2\/pages"}],"about":[{"href":"https:\/\/posolstvalasky.sk\/index.php?rest_route=\/wp\/v2\/types\/page"}],"author":[{"embeddable":true,"href":"https:\/\/posolstvalasky.sk\/index.php?rest_route=\/wp\/v2\/users\/2"}],"replies":[{"embeddable":true,"href":"https:\/\/posolstvalasky.sk\/index.php?rest_route=%2Fwp%2Fv2%2Fcomments&post=690"}],"version-history":[{"count":5,"href":"https:\/\/posolstvalasky.sk\/index.php?rest_route=\/wp\/v2\/pages\/690\/revisions"}],"predecessor-version":[{"id":4151,"href":"https:\/\/posolstvalasky.sk\/index.php?rest_route=\/wp\/v2\/pages\/690\/revisions\/4151"}],"wp:attachment":[{"href":"https:\/\/posolstvalasky.sk\/index.php?rest_route=%2Fwp%2Fv2%2Fmedia&parent=690"}],"curies":[{"name":"wp","href":"https:\/\/api.w.org\/{rel}","templated":true}]}}